{"id":1155,"date":"2021-11-17T15:05:04","date_gmt":"2021-11-17T15:05:04","guid":{"rendered":"https:\/\/newpage.gyogyitoangyal.hu\/?page_id=1155"},"modified":"2021-11-17T15:08:07","modified_gmt":"2021-11-17T15:08:07","slug":"gal16_csokiadomany","status":"publish","type":"page","link":"https:\/\/gyogyitoangyal.hu\/index.php\/gal16_csokiadomany\/","title":{"rendered":"gal16_csokiadomany"},"content":{"rendered":"\t\t<div data-elementor-type=\"wp-page\" data-elementor-id=\"1155\" class=\"elementor elementor-1155\">\n\t\t\t\t\t\t<section class=\"elementor-section elementor-top-section elementor-element elementor-element-0b2ca2e elementor-section-boxed elementor-section-height-default elementor-section-height-default\" data-id=\"0b2ca2e\" data-element_type=\"section\" data-e-type=\"section\">\n\t\t\t\t\t\t<div class=\"elementor-container elementor-column-gap-default\">\n\t\t\t\t\t<div class=\"elementor-column elementor-col-100 elementor-top-column elementor-element elementor-element-2eed8f5\" data-id=\"2eed8f5\" data-element_type=\"column\" data-e-type=\"column\">\n\t\t\t<div class=\"elementor-widget-wrap elementor-element-populated\">\n\t\t\t\t\t\t<div class=\"elementor-element elementor-element-8e91109 elementor-widget elementor-widget-heading\" data-id=\"8e91109\" data-element_type=\"widget\" data-e-type=\"widget\" data-widget_type=\"heading.default\">\n\t\t\t\t<div class=\"elementor-widget-container\">\n\t\t\t\t\t<h2 class=\"elementor-heading-title elementor-size-default\">2016. december ESN csokiadom\u00e1nya Gyermekklinik\u00e1n fekv\u0151 kis betegek r\u00e9sz\u00e9re<\/h2>\t\t\t\t<\/div>\n\t\t\t\t<\/div>\n\t\t\t\t\t<\/div>\n\t\t<\/div>\n\t\t\t\t\t<\/div>\n\t\t<\/section>\n\t\t\t\t<section class=\"elementor-section elementor-top-section elementor-element elementor-element-33025c0 elementor-section-boxed elementor-section-height-default elementor-section-height-default\" data-id=\"33025c0\" data-element_type=\"section\" data-e-type=\"section\">\n\t\t\t\t\t\t<div class=\"elementor-container elementor-column-gap-default\">\n\t\t\t\t\t<div class=\"elementor-column elementor-col-100 elementor-top-column elementor-element elementor-element-47163ef\" data-id=\"47163ef\" data-element_type=\"column\" data-e-type=\"column\">\n\t\t\t<div class=\"elementor-widget-wrap elementor-element-populated\">\n\t\t\t\t\t\t<div class=\"elementor-element elementor-element-01d37e2 elementor-widget elementor-widget-image-gallery\" data-id=\"01d37e2\" data-element_type=\"widget\" data-e-type=\"widget\" data-widget_type=\"image-gallery.default\">\n\t\t\t\t<div class=\"elementor-widget-container\">\n\t\t\t\t\t\t\t<div class=\"elementor-image-gallery\">\n\t\t\t<div id='gallery-1' class='gallery galleryid-1155 gallery-columns-4 gallery-size-thumbnail'><figure class='gallery-item'>\n\t\t\t<div class='gallery-icon landscape'>\n\t\t\t\t<a data-elementor-open-lightbox=\"yes\" data-elementor-lightbox-slideshow=\"01d37e2\" data-elementor-lightbox-title=\"gal16_csokiadomany_1\" data-e-action-hash=\"#elementor-action%3Aaction%3Dlightbox%26settings%3DeyJpZCI6MTE1OCwidXJsIjoiaHR0cHM6XC9cL2d5b2d5aXRvYW5neWFsLmh1XC93cC1jb250ZW50XC91cGxvYWRzXC8yMDIxXC8xMVwvZ2FsMTZfY3Nva2lhZG9tYW55XzEuanBnIiwic2xpZGVzaG93IjoiMDFkMzdlMiJ9\" href='https:\/\/gyogyitoangyal.hu\/wp-content\/uploads\/2021\/11\/gal16_csokiadomany_1.jpg'><img decoding=\"async\" width=\"150\" height=\"150\" src=\"https:\/\/gyogyitoangyal.hu\/wp-content\/uploads\/2021\/11\/gal16_csokiadomany_1-150x150.jpg\" class=\"attachment-thumbnail size-thumbnail\" alt=\"\" \/><\/a>\n\t\t\t<\/div><\/figure><figure class='gallery-item'>\n\t\t\t<div class='gallery-icon landscape'>\n\t\t\t\t<a data-elementor-open-lightbox=\"yes\" data-elementor-lightbox-slideshow=\"01d37e2\" data-elementor-lightbox-title=\"gal16_csokiadomany_2\" data-e-action-hash=\"#elementor-action%3Aaction%3Dlightbox%26settings%3DeyJpZCI6MTE1OSwidXJsIjoiaHR0cHM6XC9cL2d5b2d5aXRvYW5neWFsLmh1XC93cC1jb250ZW50XC91cGxvYWRzXC8yMDIxXC8xMVwvZ2FsMTZfY3Nva2lhZG9tYW55XzIuanBnIiwic2xpZGVzaG93IjoiMDFkMzdlMiJ9\" href='https:\/\/gyogyitoangyal.hu\/wp-content\/uploads\/2021\/11\/gal16_csokiadomany_2.jpg'><img decoding=\"async\" width=\"150\" height=\"150\" src=\"https:\/\/gyogyitoangyal.hu\/wp-content\/uploads\/2021\/11\/gal16_csokiadomany_2-150x150.jpg\" class=\"attachment-thumbnail size-thumbnail\" alt=\"\" \/><\/a>\n\t\t\t<\/div><\/figure>\n\t\t<\/div>\n\t\t<\/div>\n\t\t\t\t\t\t<\/div>\n\t\t\t\t<\/div>\n\t\t\t\t\t<\/div>\n\t\t<\/div>\n\t\t\t\t\t<\/div>\n\t\t<\/section>\n\t\t\t\t<\/div>\n\t\t","protected":false},"excerpt":{"rendered":"<p>2016. december ESN csokiadom\u00e1nya Gyermekklinik\u00e1n fekv\u0151 kis betegek r\u00e9sz\u00e9re<\/p>\n","protected":false},"author":1,"featured_media":0,"parent":0,"menu_order":0,"comment_status":"closed","ping_status":"closed","template":"page-templates\/template-pagebuilder-full-width.php","meta":{"neve_meta_sidebar":"full-width","neve_meta_container":"full-width","neve_meta_enable_content_width":"off","neve_meta_content_width":100,"neve_meta_title_alignment":"","neve_meta_author_avatar":"","neve_post_elements_order":"","neve_meta_disable_header":"","neve_meta_disable_footer":"","neve_meta_disable_title":"on","footnotes":""},"class_list":["post-1155","page","type-page","status-publish","hentry"],"_links":{"self":[{"href":"https:\/\/gyogyitoangyal.hu\/index.php\/wp-json\/wp\/v2\/pages\/1155","targetHints":{"allow":["GET"]}}],"collection":[{"href":"https:\/\/gyogyitoangyal.hu\/index.php\/wp-json\/wp\/v2\/pages"}],"about":[{"href":"https:\/\/gyogyitoangyal.hu\/index.php\/wp-json\/wp\/v2\/types\/page"}],"author":[{"embeddable":true,"href":"https:\/\/gyogyitoangyal.hu\/index.php\/wp-json\/wp\/v2\/users\/1"}],"replies":[{"embeddable":true,"href":"https:\/\/gyogyitoangyal.hu\/index.php\/wp-json\/wp\/v2\/comments?post=1155"}],"version-history":[{"count":4,"href":"https:\/\/gyogyitoangyal.hu\/index.php\/wp-json\/wp\/v2\/pages\/1155\/revisions"}],"predecessor-version":[{"id":1162,"href":"https:\/\/gyogyitoangyal.hu\/index.php\/wp-json\/wp\/v2\/pages\/1155\/revisions\/1162"}],"wp:attachment":[{"href":"https:\/\/gyogyitoangyal.hu\/index.php\/wp-json\/wp\/v2\/media?parent=1155"}],"curies":[{"name":"wp","href":"https:\/\/api.w.org\/{rel}","templated":true}]}}