{"id":1236,"date":"2021-11-18T07:51:11","date_gmt":"2021-11-18T07:51:11","guid":{"rendered":"https:\/\/newpage.gyogyitoangyal.hu\/?page_id=1236"},"modified":"2023-07-06T09:23:56","modified_gmt":"2023-07-06T09:23:56","slug":"2015_evi_rajzpalyazat","status":"publish","type":"page","link":"https:\/\/gyogyitoangyal.hu\/index.php\/2015_evi_rajzpalyazat\/","title":{"rendered":"2015_evi_rajzpalyazat"},"content":{"rendered":"\t\t<div data-elementor-type=\"wp-page\" data-elementor-id=\"1236\" class=\"elementor elementor-1236\">\n\t\t\t\t\t\t<section class=\"elementor-section elementor-top-section elementor-element elementor-element-9df759f elementor-section-boxed elementor-section-height-default elementor-section-height-default\" data-id=\"9df759f\" data-element_type=\"section\" data-e-type=\"section\">\n\t\t\t\t\t\t<div class=\"elementor-container elementor-column-gap-default\">\n\t\t\t\t\t<div class=\"elementor-column elementor-col-100 elementor-top-column elementor-element elementor-element-de5c73e\" data-id=\"de5c73e\" data-element_type=\"column\" data-e-type=\"column\">\n\t\t\t<div class=\"elementor-widget-wrap elementor-element-populated\">\n\t\t\t\t\t\t<div class=\"elementor-element elementor-element-44763e7 elementor-widget elementor-widget-heading\" data-id=\"44763e7\" data-element_type=\"widget\" data-e-type=\"widget\" data-widget_type=\"heading.default\">\n\t\t\t\t<div class=\"elementor-widget-container\">\n\t\t\t\t\t<h2 class=\"elementor-heading-title elementor-size-default\">2015 \u00e9vi rajz p\u00e1ly\u00e1zat<\/h2>\t\t\t\t<\/div>\n\t\t\t\t<\/div>\n\t\t\t\t\t<\/div>\n\t\t<\/div>\n\t\t\t\t\t<\/div>\n\t\t<\/section>\n\t\t\t\t<section class=\"elementor-section elementor-top-section elementor-element elementor-element-7b7af2f elementor-section-boxed elementor-section-height-default elementor-section-height-default\" data-id=\"7b7af2f\" data-element_type=\"section\" data-e-type=\"section\">\n\t\t\t\t\t\t<div class=\"elementor-container elementor-column-gap-default\">\n\t\t\t\t\t<div class=\"elementor-column elementor-col-100 elementor-top-column elementor-element elementor-element-eafb6a1\" data-id=\"eafb6a1\" data-element_type=\"column\" data-e-type=\"column\">\n\t\t\t<div class=\"elementor-widget-wrap elementor-element-populated\">\n\t\t\t\t\t\t<div class=\"elementor-element elementor-element-06f7956 elementor-widget elementor-widget-image-gallery\" data-id=\"06f7956\" data-element_type=\"widget\" data-e-type=\"widget\" data-widget_type=\"image-gallery.default\">\n\t\t\t\t<div class=\"elementor-widget-container\">\n\t\t\t\t\t\t\t<div class=\"elementor-image-gallery\">\n\t\t\t<div id='gallery-1' class='gallery galleryid-1236 gallery-columns-4 gallery-size-thumbnail'><figure class='gallery-item'>\n\t\t\t<div class='gallery-icon landscape'>\n\t\t\t\t<a data-elementor-open-lightbox=\"yes\" data-elementor-lightbox-slideshow=\"06f7956\" data-elementor-lightbox-title=\"gal15_rajzpalyazat_1\" data-e-action-hash=\"#elementor-action%3Aaction%3Dlightbox%26settings%3DeyJpZCI6MTIzOCwidXJsIjoiaHR0cHM6XC9cL2d5b2d5aXRvYW5neWFsLmh1XC93cC1jb250ZW50XC91cGxvYWRzXC8yMDIxXC8xMVwvZ2FsMTVfcmFqenBhbHlhemF0XzEtc2NhbGVkLmpwZyIsInNsaWRlc2hvdyI6IjA2Zjc5NTYifQ%3D%3D\" href='https:\/\/gyogyitoangyal.hu\/wp-content\/uploads\/2021\/11\/gal15_rajzpalyazat_1-scaled.jpg'><img decoding=\"async\" width=\"150\" height=\"150\" src=\"https:\/\/gyogyitoangyal.hu\/wp-content\/uploads\/2021\/11\/gal15_rajzpalyazat_1-150x150.jpg\" class=\"attachment-thumbnail size-thumbnail\" alt=\"\" \/><\/a>\n\t\t\t<\/div><\/figure><figure class='gallery-item'>\n\t\t\t<div class='gallery-icon landscape'>\n\t\t\t\t<a data-elementor-open-lightbox=\"yes\" data-elementor-lightbox-slideshow=\"06f7956\" data-elementor-lightbox-title=\"gal15_rajzpalyazat_2\" data-e-action-hash=\"#elementor-action%3Aaction%3Dlightbox%26settings%3DeyJpZCI6MTIzOSwidXJsIjoiaHR0cHM6XC9cL2d5b2d5aXRvYW5neWFsLmh1XC93cC1jb250ZW50XC91cGxvYWRzXC8yMDIxXC8xMVwvZ2FsMTVfcmFqenBhbHlhemF0XzItc2NhbGVkLmpwZyIsInNsaWRlc2hvdyI6IjA2Zjc5NTYifQ%3D%3D\" href='https:\/\/gyogyitoangyal.hu\/wp-content\/uploads\/2021\/11\/gal15_rajzpalyazat_2-scaled.jpg'><img decoding=\"async\" width=\"150\" height=\"150\" src=\"https:\/\/gyogyitoangyal.hu\/wp-content\/uploads\/2021\/11\/gal15_rajzpalyazat_2-150x150.jpg\" class=\"attachment-thumbnail size-thumbnail\" alt=\"\" \/><\/a>\n\t\t\t<\/div><\/figure><figure class='gallery-item'>\n\t\t\t<div class='gallery-icon landscape'>\n\t\t\t\t<a data-elementor-open-lightbox=\"yes\" data-elementor-lightbox-slideshow=\"06f7956\" data-elementor-lightbox-title=\"gal15_rajzpalyazat_3\" data-e-action-hash=\"#elementor-action%3Aaction%3Dlightbox%26settings%3DeyJpZCI6MTI0MCwidXJsIjoiaHR0cHM6XC9cL2d5b2d5aXRvYW5neWFsLmh1XC93cC1jb250ZW50XC91cGxvYWRzXC8yMDIxXC8xMVwvZ2FsMTVfcmFqenBhbHlhemF0XzMtc2NhbGVkLmpwZyIsInNsaWRlc2hvdyI6IjA2Zjc5NTYifQ%3D%3D\" href='https:\/\/gyogyitoangyal.hu\/wp-content\/uploads\/2021\/11\/gal15_rajzpalyazat_3-scaled.jpg'><img decoding=\"async\" width=\"150\" height=\"150\" src=\"https:\/\/gyogyitoangyal.hu\/wp-content\/uploads\/2021\/11\/gal15_rajzpalyazat_3-150x150.jpg\" class=\"attachment-thumbnail size-thumbnail\" alt=\"\" \/><\/a>\n\t\t\t<\/div><\/figure><figure class='gallery-item'>\n\t\t\t<div class='gallery-icon landscape'>\n\t\t\t\t<a data-elementor-open-lightbox=\"yes\" data-elementor-lightbox-slideshow=\"06f7956\" data-elementor-lightbox-title=\"gal15_rajzpalyazat_4\" data-e-action-hash=\"#elementor-action%3Aaction%3Dlightbox%26settings%3DeyJpZCI6MTI0MSwidXJsIjoiaHR0cHM6XC9cL2d5b2d5aXRvYW5neWFsLmh1XC93cC1jb250ZW50XC91cGxvYWRzXC8yMDIxXC8xMVwvZ2FsMTVfcmFqenBhbHlhemF0XzQtc2NhbGVkLmpwZyIsInNsaWRlc2hvdyI6IjA2Zjc5NTYifQ%3D%3D\" href='https:\/\/gyogyitoangyal.hu\/wp-content\/uploads\/2021\/11\/gal15_rajzpalyazat_4-scaled.jpg'><img loading=\"lazy\" decoding=\"async\" width=\"150\" height=\"150\" src=\"https:\/\/gyogyitoangyal.hu\/wp-content\/uploads\/2021\/11\/gal15_rajzpalyazat_4-150x150.jpg\" class=\"attachment-thumbnail size-thumbnail\" alt=\"\" \/><\/a>\n\t\t\t<\/div><\/figure><figure class='gallery-item'>\n\t\t\t<div class='gallery-icon landscape'>\n\t\t\t\t<a data-elementor-open-lightbox=\"yes\" data-elementor-lightbox-slideshow=\"06f7956\" data-elementor-lightbox-title=\"gal15_rajzpalyazat_5\" data-e-action-hash=\"#elementor-action%3Aaction%3Dlightbox%26settings%3DeyJpZCI6MTI0MiwidXJsIjoiaHR0cHM6XC9cL2d5b2d5aXRvYW5neWFsLmh1XC93cC1jb250ZW50XC91cGxvYWRzXC8yMDIxXC8xMVwvZ2FsMTVfcmFqenBhbHlhemF0XzUtc2NhbGVkLmpwZyIsInNsaWRlc2hvdyI6IjA2Zjc5NTYifQ%3D%3D\" href='https:\/\/gyogyitoangyal.hu\/wp-content\/uploads\/2021\/11\/gal15_rajzpalyazat_5-scaled.jpg'><img loading=\"lazy\" decoding=\"async\" width=\"150\" height=\"150\" src=\"https:\/\/gyogyitoangyal.hu\/wp-content\/uploads\/2021\/11\/gal15_rajzpalyazat_5-150x150.jpg\" class=\"attachment-thumbnail size-thumbnail\" alt=\"\" \/><\/a>\n\t\t\t<\/div><\/figure><figure class='gallery-item'>\n\t\t\t<div class='gallery-icon portrait'>\n\t\t\t\t<a data-elementor-open-lightbox=\"yes\" data-elementor-lightbox-slideshow=\"06f7956\" data-elementor-lightbox-title=\"gal15_rajzpalyazat_6\" data-e-action-hash=\"#elementor-action%3Aaction%3Dlightbox%26settings%3DeyJpZCI6MTI0MywidXJsIjoiaHR0cHM6XC9cL2d5b2d5aXRvYW5neWFsLmh1XC93cC1jb250ZW50XC91cGxvYWRzXC8yMDIxXC8xMVwvZ2FsMTVfcmFqenBhbHlhemF0XzYtc2NhbGVkLmpwZyIsInNsaWRlc2hvdyI6IjA2Zjc5NTYifQ%3D%3D\" href='https:\/\/gyogyitoangyal.hu\/wp-content\/uploads\/2021\/11\/gal15_rajzpalyazat_6-scaled.jpg'><img loading=\"lazy\" decoding=\"async\" width=\"150\" height=\"150\" src=\"https:\/\/gyogyitoangyal.hu\/wp-content\/uploads\/2021\/11\/gal15_rajzpalyazat_6-150x150.jpg\" class=\"attachment-thumbnail size-thumbnail\" alt=\"\" \/><\/a>\n\t\t\t<\/div><\/figure><figure class='gallery-item'>\n\t\t\t<div class='gallery-icon landscape'>\n\t\t\t\t<a data-elementor-open-lightbox=\"yes\" data-elementor-lightbox-slideshow=\"06f7956\" data-elementor-lightbox-title=\"gal15_rajzpalyazat_7\" data-e-action-hash=\"#elementor-action%3Aaction%3Dlightbox%26settings%3DeyJpZCI6MTI0NCwidXJsIjoiaHR0cHM6XC9cL2d5b2d5aXRvYW5neWFsLmh1XC93cC1jb250ZW50XC91cGxvYWRzXC8yMDIxXC8xMVwvZ2FsMTVfcmFqenBhbHlhemF0Xzctc2NhbGVkLmpwZyIsInNsaWRlc2hvdyI6IjA2Zjc5NTYifQ%3D%3D\" href='https:\/\/gyogyitoangyal.hu\/wp-content\/uploads\/2021\/11\/gal15_rajzpalyazat_7-scaled.jpg'><img loading=\"lazy\" decoding=\"async\" width=\"150\" height=\"150\" src=\"https:\/\/gyogyitoangyal.hu\/wp-content\/uploads\/2021\/11\/gal15_rajzpalyazat_7-150x150.jpg\" class=\"attachment-thumbnail size-thumbnail\" alt=\"\" \/><\/a>\n\t\t\t<\/div><\/figure><figure class='gallery-item'>\n\t\t\t<div class='gallery-icon portrait'>\n\t\t\t\t<a data-elementor-open-lightbox=\"yes\" data-elementor-lightbox-slideshow=\"06f7956\" data-elementor-lightbox-title=\"gal15_rajzpalyazat_8\" data-e-action-hash=\"#elementor-action%3Aaction%3Dlightbox%26settings%3DeyJpZCI6MTI0NSwidXJsIjoiaHR0cHM6XC9cL2d5b2d5aXRvYW5neWFsLmh1XC93cC1jb250ZW50XC91cGxvYWRzXC8yMDIxXC8xMVwvZ2FsMTVfcmFqenBhbHlhemF0Xzgtc2NhbGVkLmpwZyIsInNsaWRlc2hvdyI6IjA2Zjc5NTYifQ%3D%3D\" href='https:\/\/gyogyitoangyal.hu\/wp-content\/uploads\/2021\/11\/gal15_rajzpalyazat_8-scaled.jpg'><img loading=\"lazy\" decoding=\"async\" width=\"150\" height=\"150\" src=\"https:\/\/gyogyitoangyal.hu\/wp-content\/uploads\/2021\/11\/gal15_rajzpalyazat_8-150x150.jpg\" class=\"attachment-thumbnail size-thumbnail\" alt=\"\" \/><\/a>\n\t\t\t<\/div><\/figure><figure class='gallery-item'>\n\t\t\t<div class='gallery-icon landscape'>\n\t\t\t\t<a data-elementor-open-lightbox=\"yes\" data-elementor-lightbox-slideshow=\"06f7956\" data-elementor-lightbox-title=\"gal15_rajzpalyazat_9\" data-e-action-hash=\"#elementor-action%3Aaction%3Dlightbox%26settings%3DeyJpZCI6MTI0NiwidXJsIjoiaHR0cHM6XC9cL2d5b2d5aXRvYW5neWFsLmh1XC93cC1jb250ZW50XC91cGxvYWRzXC8yMDIxXC8xMVwvZ2FsMTVfcmFqenBhbHlhemF0Xzktc2NhbGVkLmpwZyIsInNsaWRlc2hvdyI6IjA2Zjc5NTYifQ%3D%3D\" href='https:\/\/gyogyitoangyal.hu\/wp-content\/uploads\/2021\/11\/gal15_rajzpalyazat_9-scaled.jpg'><img loading=\"lazy\" decoding=\"async\" width=\"150\" height=\"150\" src=\"https:\/\/gyogyitoangyal.hu\/wp-content\/uploads\/2021\/11\/gal15_rajzpalyazat_9-150x150.jpg\" class=\"attachment-thumbnail size-thumbnail\" alt=\"\" \/><\/a>\n\t\t\t<\/div><\/figure><figure class='gallery-item'>\n\t\t\t<div class='gallery-icon landscape'>\n\t\t\t\t<a data-elementor-open-lightbox=\"yes\" data-elementor-lightbox-slideshow=\"06f7956\" data-elementor-lightbox-title=\"gal15_rajzpalyazat_10\" data-e-action-hash=\"#elementor-action%3Aaction%3Dlightbox%26settings%3DeyJpZCI6MTI0NywidXJsIjoiaHR0cHM6XC9cL2d5b2d5aXRvYW5neWFsLmh1XC93cC1jb250ZW50XC91cGxvYWRzXC8yMDIxXC8xMVwvZ2FsMTVfcmFqenBhbHlhemF0XzEwLXNjYWxlZC5qcGciLCJzbGlkZXNob3ciOiIwNmY3OTU2In0%3D\" href='https:\/\/gyogyitoangyal.hu\/wp-content\/uploads\/2021\/11\/gal15_rajzpalyazat_10-scaled.jpg'><img loading=\"lazy\" decoding=\"async\" width=\"150\" height=\"150\" src=\"https:\/\/gyogyitoangyal.hu\/wp-content\/uploads\/2021\/11\/gal15_rajzpalyazat_10-150x150.jpg\" class=\"attachment-thumbnail size-thumbnail\" alt=\"\" \/><\/a>\n\t\t\t<\/div><\/figure><figure class='gallery-item'>\n\t\t\t<div class='gallery-icon landscape'>\n\t\t\t\t<a data-elementor-open-lightbox=\"yes\" data-elementor-lightbox-slideshow=\"06f7956\" data-elementor-lightbox-title=\"gal15_rajzpalyazat_11\" data-e-action-hash=\"#elementor-action%3Aaction%3Dlightbox%26settings%3DeyJpZCI6MTI0OCwidXJsIjoiaHR0cHM6XC9cL2d5b2d5aXRvYW5neWFsLmh1XC93cC1jb250ZW50XC91cGxvYWRzXC8yMDIxXC8xMVwvZ2FsMTVfcmFqenBhbHlhemF0XzExLXNjYWxlZC5qcGciLCJzbGlkZXNob3ciOiIwNmY3OTU2In0%3D\" href='https:\/\/gyogyitoangyal.hu\/wp-content\/uploads\/2021\/11\/gal15_rajzpalyazat_11-scaled.jpg'><img loading=\"lazy\" decoding=\"async\" width=\"150\" height=\"150\" src=\"https:\/\/gyogyitoangyal.hu\/wp-content\/uploads\/2021\/11\/gal15_rajzpalyazat_11-150x150.jpg\" class=\"attachment-thumbnail size-thumbnail\" alt=\"\" \/><\/a>\n\t\t\t<\/div><\/figure>\n\t\t<\/div>\n\t\t<\/div>\n\t\t\t\t\t\t<\/div>\n\t\t\t\t<\/div>\n\t\t\t\t\t<\/div>\n\t\t<\/div>\n\t\t\t\t\t<\/div>\n\t\t<\/section>\n\t\t\t\t<\/div>\n\t\t","protected":false},"excerpt":{"rendered":"<p>If you\u2019re in New York City for a party or a night of fun, you can hook up with some gorgeous Asian escorts to make your outcall escort ny experience unforgettable. They have scintillating body and are perfect for a sensual naughty session with gentlemen. 2015 \u00e9vi rajz p\u00e1ly\u00e1zat When it comes to finding an&hellip;&nbsp;<a href=\"https:\/\/gyogyitoangyal.hu\/index.php\/2015_evi_rajzpalyazat\/\" rel=\"bookmark\">Read More &raquo;<span class=\"screen-reader-text\">2015_evi_rajzpalyazat<\/span><\/a><\/p>\n","protected":false},"author":1,"featured_media":0,"parent":0,"menu_order":0,"comment_status":"closed","ping_status":"closed","template":"","meta":{"neve_meta_sidebar":"full-width","neve_meta_container":"full-width","neve_meta_enable_content_width":"off","neve_meta_content_width":100,"neve_meta_title_alignment":"","neve_meta_author_avatar":"","neve_post_elements_order":"","neve_meta_disable_header":"","neve_meta_disable_footer":"","neve_meta_disable_title":"on","footnotes":""},"class_list":["post-1236","page","type-page","status-publish","hentry"],"_links":{"self":[{"href":"https:\/\/gyogyitoangyal.hu\/index.php\/wp-json\/wp\/v2\/pages\/1236","targetHints":{"allow":["GET"]}}],"collection":[{"href":"https:\/\/gyogyitoangyal.hu\/index.php\/wp-json\/wp\/v2\/pages"}],"about":[{"href":"https:\/\/gyogyitoangyal.hu\/index.php\/wp-json\/wp\/v2\/types\/page"}],"author":[{"embeddable":true,"href":"https:\/\/gyogyitoangyal.hu\/index.php\/wp-json\/wp\/v2\/users\/1"}],"replies":[{"embeddable":true,"href":"https:\/\/gyogyitoangyal.hu\/index.php\/wp-json\/wp\/v2\/comments?post=1236"}],"version-history":[{"count":9,"href":"https:\/\/gyogyitoangyal.hu\/index.php\/wp-json\/wp\/v2\/pages\/1236\/revisions"}],"predecessor-version":[{"id":1693,"href":"https:\/\/gyogyitoangyal.hu\/index.php\/wp-json\/wp\/v2\/pages\/1236\/revisions\/1693"}],"wp:attachment":[{"href":"https:\/\/gyogyitoangyal.hu\/index.php\/wp-json\/wp\/v2\/media?parent=1236"}],"curies":[{"name":"wp","href":"https:\/\/api.w.org\/{rel}","templated":true}]}}