{"id":1464,"date":"2022-02-28T11:11:33","date_gmt":"2022-02-28T11:11:33","guid":{"rendered":"https:\/\/newpage.gyogyitoangyal.hu\/?page_id=1464"},"modified":"2023-07-02T23:41:03","modified_gmt":"2023-07-02T23:41:03","slug":"egyszazalek","status":"publish","type":"page","link":"https:\/\/gyogyitoangyal.hu\/index.php\/egyszazalek\/","title":{"rendered":"Egysz\u00e1zal\u00e9k"},"content":{"rendered":"\t\t<div data-elementor-type=\"wp-page\" data-elementor-id=\"1464\" class=\"elementor elementor-1464\">\n\t\t\t\t\t\t<section class=\"elementor-section elementor-top-section elementor-element elementor-element-d316600 elementor-section-boxed elementor-section-height-default elementor-section-height-default\" data-id=\"d316600\" data-element_type=\"section\" data-e-type=\"section\">\n\t\t\t\t\t\t<div class=\"elementor-container elementor-column-gap-default\">\n\t\t\t\t\t<div class=\"elementor-column elementor-col-100 elementor-top-column elementor-element elementor-element-6290e66\" data-id=\"6290e66\" data-element_type=\"column\" data-e-type=\"column\">\n\t\t\t<div class=\"elementor-widget-wrap elementor-element-populated\">\n\t\t\t\t\t\t<div class=\"elementor-element elementor-element-8b7f9c6 elementor-widget elementor-widget-heading\" data-id=\"8b7f9c6\" data-element_type=\"widget\" data-e-type=\"widget\" data-widget_type=\"heading.default\">\n\t\t\t\t<div class=\"elementor-widget-container\">\n\t\t\t\t\t<h2 class=\"elementor-heading-title elementor-size-default\">Ad\u00f3ja 1 sz\u00e1zal\u00e9k\u00e1val gyermek\u00e9leteket ment\u00fcnk!<\/h2>\t\t\t\t<\/div>\n\t\t\t\t<\/div>\n\t\t\t\t\t<\/div>\n\t\t<\/div>\n\t\t\t\t\t<\/div>\n\t\t<\/section>\n\t\t\t\t<section class=\"elementor-section elementor-top-section elementor-element elementor-element-5873fc6 elementor-section-boxed elementor-section-height-default elementor-section-height-default\" data-id=\"5873fc6\" data-element_type=\"section\" data-e-type=\"section\">\n\t\t\t\t\t\t<div class=\"elementor-container elementor-column-gap-default\">\n\t\t\t\t\t<div class=\"elementor-column elementor-col-66 elementor-top-column elementor-element elementor-element-52aa4f8\" data-id=\"52aa4f8\" data-element_type=\"column\" data-e-type=\"column\">\n\t\t\t<div class=\"elementor-widget-wrap elementor-element-populated\">\n\t\t\t\t\t\t<div class=\"elementor-element elementor-element-ed32ecd elementor-widget elementor-widget-text-editor\" data-id=\"ed32ecd\" data-element_type=\"widget\" data-e-type=\"widget\" data-widget_type=\"text-editor.default\">\n\t\t\t\t<div class=\"elementor-widget-container\">\n\t\t\t\t\t\t\t\t\t<p style=\"font-weight: bold;\">K\u00f6zhaszn\u00fa Alap\u00edtv\u00e1nyunk az\u00e9rt dolgozik, hogy a beteg gyermekek a legjobb eg\u00e9szs\u00e9g\u00fcgyi ell\u00e1t\u00e1sban r\u00e9szes\u00fcljenek.<\/p>\n<p style=\"font-weight: bold;\">Ad\u00f3ja 1%-val most \u00d6n is seg\u00edthet.<\/p>\n\n<h2 style=\"color: #6ec1e4; text-align: center; padding: 15px;\">Legyen \u00d6n is Gy\u00f3gy\u00edt\u00f3 Angyal!<\/h2>\n<p style=\"font-weight: bold; text-align: center;\">Technikai seg\u00edts\u00e9g<\/p>\nK\u00e9rj\u00fck seg\u00edtse munk\u00e1nkat ad\u00f3ja 1 sz\u00e1zal\u00e9k\u00e1nak felaj\u00e1nl\u00e1s\u00e1val!\nAd\u00f3ja egy sz\u00e1zal\u00e9k\u00e1r\u00f3l m\u00e1jus 20-ig rendelkezhet az al\u00e1bbi m\u00f3dokon:\n<h5 style=\"color: #6ec1e4; padding: 30px 10px 10px 0px; margin: 0px;\">1. online nyilatkozom az ad\u00f3m 1% felaj\u00e1nl\u00e1s\u00e1r\u00f3l<\/h5>\nKattintson <a href=\"https:\/\/eszja.nav.gov.hu\/app\/login\/#login\" target=\"_blank\" rel=\"noopener\"><span style=\"color: #1155cc;\">ide az eSZJA oldal bel\u00e9p\u00e9shez.<\/span><\/a>\n<ul style=\"margin: 0px 0px 10px 20px;\">\n \t<li>\u00dcgyf\u00e9lkapus bejelentkez\u00e9s eset\u00e9n v\u00e1lassza a Bel\u00e9p\u00e9s gombot<\/li>\n \t<li>Amennyiben nincs \u00fcgyf\u00e9lkapus regisztr\u00e1ci\u00f3ja v\u00e1lassza a <a href=\"https:\/\/webnyk.nav.gov.hu\/app\/public.action#form\" target=\"_blank\" rel=\"noopener\"><span style=\"color: #1155cc;\">Regisztr\u00e1ci\u00f3 n\u00e9lk\u00fcli fel\u00fcletet<\/span><\/a><\/li>\n \t<li>Amennyiben \u00c1NYK nyomtatv\u00e1nykit\u00f6lt\u0151 programot haszn\u00e1l, <a href=\"http:\/\/www.nav.gov.hu\/nav\/letoltesek\/nyomtatvanykitolto_programok\/nyomtatvanykitolto_programok_nav\/bevallasok\/19SZJA.html\" target=\"_blank\" rel=\"noopener\"><span style=\"color: #1155cc;\">v\u00e1lassza az al\u00e1bbi lehet\u0151s\u00e9get<\/span><\/a><\/li>\n<\/ul>\n<h5 style=\"color: #6ec1e4; padding: 30px 10px 10px 0px; margin: 0px;\">2. pap\u00edr alapon nyilatkozom az ad\u00f3m 1% felaj\u00e1nl\u00e1s\u00e1r\u00f3l<\/h5>\n<ul style=\"margin: 0px 0px 30px 20px;\">\n \t<li>T\u00f6ltse le \u00e9s nyomtassa ki a<a href=\"http:\/\/www.mgya.org\/images\/MGYA_egyszazalek.pdf\" target=\"_blank\" rel=\"noopener\"><span style=\"color: #1155cc;\">nyilatkozatot<\/span><\/a><\/li>\n \t<li>T\u00f6ltse ki a szem\u00e9lyes adataival<\/li>\n \t<li>M\u00e1jus 20-ig post\u00e1zza el a NAV sz\u00e1m\u00e1ra.\nFONTOS, hogy a v\u00e1rhat\u00f3an megn\u00f6veked\u0151 postaforgalom miatt, ne hagyja az utols\u00f3 pillanatra a nyilatkozat elk\u00fcld\u00e9s\u00e9t.<\/li>\n<\/ul>\n<h4 style=\"color: #6ec1e4; text-align: center; padding: 15px;\">Mindk\u00e9t esetben az al\u00e1bbi inform\u00e1ci\u00f3t haszn\u00e1ld:<\/h4>\n<h2 style=\"color: #6ec1e4; text-align: center; padding: 15px;\">Gy\u00f3gy\u00edt\u00f3 Angyal Alap\u00edtv\u00e1ny\nAd\u00f3sz\u00e1m: 18407859-1-06<\/h2>\t\t\t\t\t\t\t\t<\/div>\n\t\t\t\t<\/div>\n\t\t\t\t\t<\/div>\n\t\t<\/div>\n\t\t\t\t<div class=\"elementor-column elementor-col-33 elementor-top-column elementor-element elementor-element-875322b\" data-id=\"875322b\" data-element_type=\"column\" data-e-type=\"column\">\n\t\t\t<div class=\"elementor-widget-wrap elementor-element-populated\">\n\t\t\t\t\t\t<div class=\"elementor-element elementor-element-fcb33aa elementor-widget elementor-widget-image\" data-id=\"fcb33aa\" data-element_type=\"widget\" data-e-type=\"widget\" data-widget_type=\"image.default\">\n\t\t\t\t<div class=\"elementor-widget-container\">\n\t\t\t\t\t\t\t\t\t\t\t\t\t\t\t<img fetchpriority=\"high\" decoding=\"async\" width=\"800\" height=\"742\" src=\"https:\/\/gyogyitoangyal.hu\/wp-content\/uploads\/2021\/11\/felajanlas-1.png\" class=\"attachment-large size-large wp-image-82\" alt=\"\" srcset=\"https:\/\/gyogyitoangyal.hu\/wp-content\/uploads\/2021\/11\/felajanlas-1.png 800w, https:\/\/gyogyitoangyal.hu\/wp-content\/uploads\/2021\/11\/felajanlas-1-300x278.png 300w, https:\/\/gyogyitoangyal.hu\/wp-content\/uploads\/2021\/11\/felajanlas-1-768x712.png 768w\" sizes=\"(max-width: 800px) 100vw, 800px\" \/>\t\t\t\t\t\t\t\t\t\t\t\t\t\t\t<\/div>\n\t\t\t\t<\/div>\n\t\t\t\t\t<\/div>\n\t\t<\/div>\n\t\t\t\t\t<\/div>\n\t\t<\/section>\n\t\t\t\t<section class=\"elementor-section elementor-top-section elementor-element elementor-element-4de0047 elementor-section-boxed elementor-section-height-default elementor-section-height-default\" data-id=\"4de0047\" data-element_type=\"section\" data-e-type=\"section\" data-settings=\"{&quot;background_background&quot;:&quot;classic&quot;}\">\n\t\t\t\t\t\t<div class=\"elementor-container elementor-column-gap-default\">\n\t\t\t\t\t<div class=\"elementor-column elementor-col-100 elementor-top-column elementor-element elementor-element-b95e8a4\" data-id=\"b95e8a4\" data-element_type=\"column\" data-e-type=\"column\">\n\t\t\t<div class=\"elementor-widget-wrap elementor-element-populated\">\n\t\t\t\t\t\t<section class=\"elementor-section elementor-inner-section elementor-element elementor-element-3396f8c elementor-section-boxed elementor-section-height-default elementor-section-height-default\" data-id=\"3396f8c\" data-element_type=\"section\" data-e-type=\"section\">\n\t\t\t\t\t\t<div class=\"elementor-container elementor-column-gap-default\">\n\t\t\t\t\t<div class=\"elementor-column elementor-col-50 elementor-inner-column elementor-element elementor-element-b8686d1\" data-id=\"b8686d1\" data-element_type=\"column\" data-e-type=\"column\">\n\t\t\t<div class=\"elementor-widget-wrap elementor-element-populated\">\n\t\t\t\t\t\t<div class=\"elementor-element elementor-element-6191828 elementor-widget elementor-widget-image\" data-id=\"6191828\" data-element_type=\"widget\" data-e-type=\"widget\" data-widget_type=\"image.default\">\n\t\t\t\t<div class=\"elementor-widget-container\">\n\t\t\t\t\t\t\t\t\t\t\t\t\t\t\t<img decoding=\"async\" width=\"210\" height=\"300\" src=\"https:\/\/gyogyitoangyal.hu\/wp-content\/uploads\/2022\/02\/children-wheelchair-1-210x300.png\" class=\"attachment-medium size-medium wp-image-1428\" alt=\"\" srcset=\"https:\/\/gyogyitoangyal.hu\/wp-content\/uploads\/2022\/02\/children-wheelchair-1-210x300.png 210w, https:\/\/gyogyitoangyal.hu\/wp-content\/uploads\/2022\/02\/children-wheelchair-1.png 420w\" sizes=\"(max-width: 210px) 100vw, 210px\" \/>\t\t\t\t\t\t\t\t\t\t\t\t\t\t\t<\/div>\n\t\t\t\t<\/div>\n\t\t\t\t\t<\/div>\n\t\t<\/div>\n\t\t\t\t<div class=\"elementor-column elementor-col-50 elementor-inner-column elementor-element elementor-element-f2e75b1\" data-id=\"f2e75b1\" data-element_type=\"column\" data-e-type=\"column\">\n\t\t\t<div class=\"elementor-widget-wrap elementor-element-populated\">\n\t\t\t\t\t\t<div class=\"elementor-element elementor-element-5ba2e67 elementor-widget elementor-widget-text-editor\" data-id=\"5ba2e67\" data-element_type=\"widget\" data-e-type=\"widget\" data-widget_type=\"text-editor.default\">\n\t\t\t\t<div class=\"elementor-widget-container\">\n\t\t\t\t\t\t\t\t\t<p><strong>GYERMEKEK TESTI, LELKI EG\u00c9SZS\u00c9G\u00c9T SEG\u00cdTI AZ \u00d6N FELAJ\u00c1NL\u00c1SA<\/strong><\/p><ul><li>Kiemelt programunk a beteg, int\u00e9zetben kezelt gyermekek k\u00f3rh\u00e1zban val\u00f3 tart\u00f3zkod\u00e1s\u00e1nak k\u00f6nny\u00edt\u00e9se.<\/li><li>T\u00e9r\u00edt\u00e9smentes sz\u0171r\u0151vizsg\u00e1latokat szervez\u00fcnk iskol\u00e1sok r\u00e9sz\u00e9re, melynek c\u00e9lja betegs\u00e9gek korai felismer\u00e9se.<\/li><li>Alap\u00edtv\u00e1nyunk c\u00e9lkit\u0171z\u00e9se, hogy a gyermekeket, fiatalokat m\u00e1r kor\u00e1n bevonja az \u00f6nk\u00e9ntes tev\u00e9kenys\u00e9gbe.<\/li><\/ul>\t\t\t\t\t\t\t\t<\/div>\n\t\t\t\t<\/div>\n\t\t\t\t\t<\/div>\n\t\t<\/div>\n\t\t\t\t\t<\/div>\n\t\t<\/section>\n\t\t\t\t\t<\/div>\n\t\t<\/div>\n\t\t\t\t\t<\/div>\n\t\t<\/section>\n\t\t\t\t<\/div>\n\t\t","protected":false},"excerpt":{"rendered":"<p>Eine Ghostwriter -Agentur ist ein Unternehmen, das ein Team von Schriftstellern und Redakteuren hat, die zusammen mit Projekten arbeiten. Sie bieten verschiedene Dienste wie das Schreiben von B\u00fcchern, E -Books, Artikeln, Newslettern ghostwriter agentur und Website -Kopien an.Ghostwriting -Agenturen mieten \u00fcberpr\u00fcfte Autoren mit Erfahrung und Anmeldeinformationen, um die Kundenbed\u00fcrfnisse zu erf\u00fcllen. Sie sparen auch Zeit&hellip;&nbsp;<a href=\"https:\/\/gyogyitoangyal.hu\/index.php\/egyszazalek\/\" rel=\"bookmark\">Read More &raquo;<span class=\"screen-reader-text\">Egysz\u00e1zal\u00e9k<\/span><\/a><\/p>\n","protected":false},"author":1,"featured_media":0,"parent":0,"menu_order":0,"comment_status":"closed","ping_status":"closed","template":"","meta":{"neve_meta_sidebar":"","neve_meta_container":"","neve_meta_enable_content_width":"","neve_meta_content_width":0,"neve_meta_title_alignment":"","neve_meta_author_avatar":"","neve_post_elements_order":"","neve_meta_disable_header":"","neve_meta_disable_footer":"","neve_meta_disable_title":"","footnotes":""},"class_list":["post-1464","page","type-page","status-publish","hentry"],"_links":{"self":[{"href":"https:\/\/gyogyitoangyal.hu\/index.php\/wp-json\/wp\/v2\/pages\/1464","targetHints":{"allow":["GET"]}}],"collection":[{"href":"https:\/\/gyogyitoangyal.hu\/index.php\/wp-json\/wp\/v2\/pages"}],"about":[{"href":"https:\/\/gyogyitoangyal.hu\/index.php\/wp-json\/wp\/v2\/types\/page"}],"author":[{"embeddable":true,"href":"https:\/\/gyogyitoangyal.hu\/index.php\/wp-json\/wp\/v2\/users\/1"}],"replies":[{"embeddable":true,"href":"https:\/\/gyogyitoangyal.hu\/index.php\/wp-json\/wp\/v2\/comments?post=1464"}],"version-history":[{"count":13,"href":"https:\/\/gyogyitoangyal.hu\/index.php\/wp-json\/wp\/v2\/pages\/1464\/revisions"}],"predecessor-version":[{"id":1675,"href":"https:\/\/gyogyitoangyal.hu\/index.php\/wp-json\/wp\/v2\/pages\/1464\/revisions\/1675"}],"wp:attachment":[{"href":"https:\/\/gyogyitoangyal.hu\/index.php\/wp-json\/wp\/v2\/media?parent=1464"}],"curies":[{"name":"wp","href":"https:\/\/api.w.org\/{rel}","templated":true}]}}