{"id":211,"date":"2021-11-16T10:28:48","date_gmt":"2021-11-16T10:28:48","guid":{"rendered":"https:\/\/newpage.gyogyitoangyal.hu\/?page_id=211"},"modified":"2023-10-30T07:34:46","modified_gmt":"2023-10-30T07:34:46","slug":"aktualis","status":"publish","type":"page","link":"https:\/\/gyogyitoangyal.hu\/index.php\/aktualis\/","title":{"rendered":"Aktu\u00e1lis"},"content":{"rendered":"\t\t<div data-elementor-type=\"wp-page\" data-elementor-id=\"211\" class=\"elementor elementor-211\">\n\t\t\t\t\t\t<section class=\"elementor-section elementor-top-section elementor-element elementor-element-eecf427 elementor-section-boxed elementor-section-height-default elementor-section-height-default\" data-id=\"eecf427\" data-element_type=\"section\" data-e-type=\"section\">\n\t\t\t\t\t\t<div class=\"elementor-container elementor-column-gap-default\">\n\t\t\t\t\t<div class=\"elementor-column elementor-col-100 elementor-top-column elementor-element elementor-element-8a76e6c\" data-id=\"8a76e6c\" data-element_type=\"column\" data-e-type=\"column\">\n\t\t\t<div class=\"elementor-widget-wrap elementor-element-populated\">\n\t\t\t\t\t\t<div class=\"elementor-element elementor-element-c3c43ea elementor-widget elementor-widget-heading\" data-id=\"c3c43ea\" data-element_type=\"widget\" data-e-type=\"widget\" data-widget_type=\"heading.default\">\n\t\t\t\t<div class=\"elementor-widget-container\">\n\t\t\t\t\t<h2 class=\"elementor-heading-title elementor-size-default\">Aktu\u00e1lis<\/h2>\t\t\t\t<\/div>\n\t\t\t\t<\/div>\n\t\t\t\t\t<\/div>\n\t\t<\/div>\n\t\t\t\t\t<\/div>\n\t\t<\/section>\n\t\t\t\t<section class=\"elementor-section elementor-top-section elementor-element elementor-element-0036c7f elementor-section-boxed elementor-section-height-default elementor-section-height-default\" data-id=\"0036c7f\" data-element_type=\"section\" data-e-type=\"section\">\n\t\t\t\t\t\t<div class=\"elementor-container elementor-column-gap-default\">\n\t\t\t\t\t<div class=\"elementor-column elementor-col-50 elementor-top-column elementor-element elementor-element-5ae48ae\" data-id=\"5ae48ae\" data-element_type=\"column\" data-e-type=\"column\">\n\t\t\t<div class=\"elementor-widget-wrap elementor-element-populated\">\n\t\t\t\t\t\t<div class=\"elementor-element elementor-element-79790e0 elementor-widget elementor-widget-text-editor\" data-id=\"79790e0\" data-element_type=\"widget\" data-e-type=\"widget\" data-widget_type=\"text-editor.default\">\n\t\t\t\t<div class=\"elementor-widget-container\">\n\t\t\t\t\t\t\t\t\t<p style=\"border-top: 2px solid #6EC1E4; border-bottom: 2px solid #6EC1E4; color: #6ec1e4; text-align: center; font-weight: bold;\">Gy\u0171jt\u00e9st kezdem\u00e9nyez\u00fcnk egy speci\u00e1lis, gyermekseb\u00e9szeti laparoscopos eszk\u00f6z beszerz\u00e9s\u00e9re .<\/p>\n<p>Olyan sz\u00fcks\u00e9gess\u00e9 v\u00e1l\u00f3 seb\u00e9szi m\u0171szereket k\u00edv\u00e1nunk megv\u00e1s\u00e1rolni, mely eszk\u00f6z\u00f6k a gyerekseb\u00e9szek munk\u00e1j\u00e1t seg\u00edtik, \u00e9s a seb\u00e9szek mindennapi beavatkoz\u00e1s elv\u00e9gz\u00e9se sor\u00e1n haszn\u00e1lnak. Jelenleg az amortiz\u00e1l\u00f3dott m\u0171szerpark friss\u00edt\u00e9se a c\u00e9lunk.<\/p>\t\t\t\t\t\t\t\t<\/div>\n\t\t\t\t<\/div>\n\t\t\t\t\t<\/div>\n\t\t<\/div>\n\t\t\t\t<div class=\"elementor-column elementor-col-50 elementor-top-column elementor-element elementor-element-5791b6e\" data-id=\"5791b6e\" data-element_type=\"column\" data-e-type=\"column\">\n\t\t\t<div class=\"elementor-widget-wrap elementor-element-populated\">\n\t\t\t\t\t\t<div class=\"elementor-element elementor-element-01186c2 elementor-widget elementor-widget-image\" data-id=\"01186c2\" data-element_type=\"widget\" data-e-type=\"widget\" data-widget_type=\"image.default\">\n\t\t\t\t<div class=\"elementor-widget-container\">\n\t\t\t\t\t\t\t\t\t\t\t\t\t\t\t<img fetchpriority=\"high\" decoding=\"async\" width=\"300\" height=\"180\" src=\"https:\/\/gyogyitoangyal.hu\/wp-content\/uploads\/2022\/02\/doctor-medical-service-poster-300x180.png\" class=\"attachment-medium size-medium wp-image-1441\" alt=\"\" srcset=\"https:\/\/gyogyitoangyal.hu\/wp-content\/uploads\/2022\/02\/doctor-medical-service-poster-300x180.png 300w, https:\/\/gyogyitoangyal.hu\/wp-content\/uploads\/2022\/02\/doctor-medical-service-poster.png 600w\" sizes=\"(max-width: 300px) 100vw, 300px\" \/>\t\t\t\t\t\t\t\t\t\t\t\t\t\t\t<\/div>\n\t\t\t\t<\/div>\n\t\t\t\t\t<\/div>\n\t\t<\/div>\n\t\t\t\t\t<\/div>\n\t\t<\/section>\n\t\t\t\t<section class=\"elementor-section elementor-top-section elementor-element elementor-element-15b97f6 elementor-section-boxed elementor-section-height-default elementor-section-height-default\" data-id=\"15b97f6\" data-element_type=\"section\" data-e-type=\"section\">\n\t\t\t\t\t\t<div class=\"elementor-container elementor-column-gap-default\">\n\t\t\t\t\t<div class=\"elementor-column elementor-col-25 elementor-top-column elementor-element elementor-element-3f0d719\" data-id=\"3f0d719\" data-element_type=\"column\" data-e-type=\"column\">\n\t\t\t<div class=\"elementor-widget-wrap elementor-element-populated\">\n\t\t\t\t\t\t<div class=\"elementor-element elementor-element-627f9ba elementor-widget elementor-widget-image\" data-id=\"627f9ba\" data-element_type=\"widget\" data-e-type=\"widget\" data-widget_type=\"image.default\">\n\t\t\t\t<div class=\"elementor-widget-container\">\n\t\t\t\t\t\t\t\t\t\t\t\t\t\t\t<img decoding=\"async\" width=\"208\" height=\"300\" src=\"https:\/\/gyogyitoangyal.hu\/wp-content\/uploads\/2022\/03\/hearts-208x300.png\" class=\"attachment-medium size-medium wp-image-1517\" alt=\"\" srcset=\"https:\/\/gyogyitoangyal.hu\/wp-content\/uploads\/2022\/03\/hearts-208x300.png 208w, https:\/\/gyogyitoangyal.hu\/wp-content\/uploads\/2022\/03\/hearts.png 600w\" sizes=\"(max-width: 208px) 100vw, 208px\" \/>\t\t\t\t\t\t\t\t\t\t\t\t\t\t\t<\/div>\n\t\t\t\t<\/div>\n\t\t\t\t\t<\/div>\n\t\t<\/div>\n\t\t\t\t<div class=\"elementor-column elementor-col-50 elementor-top-column elementor-element elementor-element-f5b33a1\" data-id=\"f5b33a1\" data-element_type=\"column\" data-e-type=\"column\" data-settings=\"{&quot;background_background&quot;:&quot;classic&quot;}\">\n\t\t\t<div class=\"elementor-widget-wrap elementor-element-populated\">\n\t\t\t\t\t\t<div class=\"elementor-element elementor-element-89eb2fc elementor-widget elementor-widget-text-editor\" data-id=\"89eb2fc\" data-element_type=\"widget\" data-e-type=\"widget\" data-widget_type=\"text-editor.default\">\n\t\t\t\t<div class=\"elementor-widget-container\">\n\t\t\t\t\t\t\t\t\t<center><p style=\"border-top: 5px solid red; border-bottom: 5px solid red; color: red;\">Vedd ki a r\u00e9szed a vil\u00e1g jobb\u00e1 t\u00e9tel\u00e9b\u0151l az Adom\u00e1nyokkal!<\/p>\n<p style=\"font-size: 17pt;\">Gy\u00f3gy\u00edt\u00f3 Angyal Alap\u00edtv\u00e1ny<\/p>\n<p style=\"font-size: 17pt;\">12600016 \u2013 19407769 \u2013 75991729<\/p>\n<p style=\"border-bottom: 5px solid red;\">A gy\u0171jt\u00e9s \u00e1ll\u00e1s\u00e1r\u00f3l az al\u00e1bbi linken lehet t\u00e1j\u00e9koz\u00f3dni:\n<a href=\"https:\/\/tamogatas.gyogyitoangyal.hu\/\">https:\/\/tamogatas.gyogyitoangyal.hu\/<\/a><\/p><\/center>\t\t\t\t\t\t\t\t<\/div>\n\t\t\t\t<\/div>\n\t\t\t\t\t<\/div>\n\t\t<\/div>\n\t\t\t\t<div class=\"elementor-column elementor-col-25 elementor-top-column elementor-element elementor-element-0316bf7\" data-id=\"0316bf7\" data-element_type=\"column\" data-e-type=\"column\">\n\t\t\t<div class=\"elementor-widget-wrap elementor-element-populated\">\n\t\t\t\t\t\t<div class=\"elementor-element elementor-element-f464df3 elementor-widget elementor-widget-image\" data-id=\"f464df3\" data-element_type=\"widget\" data-e-type=\"widget\" data-widget_type=\"image.default\">\n\t\t\t\t<div class=\"elementor-widget-container\">\n\t\t\t\t\t\t\t\t\t\t\t\t\t\t\t<img decoding=\"async\" width=\"208\" height=\"300\" src=\"https:\/\/gyogyitoangyal.hu\/wp-content\/uploads\/2022\/03\/hearts-2-208x300.png\" class=\"attachment-medium size-medium wp-image-1521\" alt=\"\" srcset=\"https:\/\/gyogyitoangyal.hu\/wp-content\/uploads\/2022\/03\/hearts-2-208x300.png 208w, https:\/\/gyogyitoangyal.hu\/wp-content\/uploads\/2022\/03\/hearts-2.png 600w\" sizes=\"(max-width: 208px) 100vw, 208px\" \/>\t\t\t\t\t\t\t\t\t\t\t\t\t\t\t<\/div>\n\t\t\t\t<\/div>\n\t\t\t\t\t<\/div>\n\t\t<\/div>\n\t\t\t\t\t<\/div>\n\t\t<\/section>\n\t\t\t\t<section class=\"elementor-section elementor-top-section elementor-element elementor-element-1cb678e elementor-section-boxed elementor-section-height-default elementor-section-height-default\" data-id=\"1cb678e\" data-element_type=\"section\" data-e-type=\"section\">\n\t\t\t\t\t\t<div class=\"elementor-container elementor-column-gap-default\">\n\t\t\t\t\t<div class=\"elementor-column elementor-col-100 elementor-top-column elementor-element elementor-element-17969a9\" data-id=\"17969a9\" data-element_type=\"column\" data-e-type=\"column\">\n\t\t\t<div class=\"elementor-widget-wrap elementor-element-populated\">\n\t\t\t\t\t\t<div class=\"elementor-element elementor-element-73a9548 elementor-widget elementor-widget-image\" data-id=\"73a9548\" data-element_type=\"widget\" data-e-type=\"widget\" data-widget_type=\"image.default\">\n\t\t\t\t<div class=\"elementor-widget-container\">\n\t\t\t\t\t\t\t\t\t\t\t\t\t\t\t<img loading=\"lazy\" decoding=\"async\" width=\"300\" height=\"189\" src=\"https:\/\/gyogyitoangyal.hu\/wp-content\/uploads\/2022\/02\/boys-girls-playing-hopscotch-300x189.jpg\" class=\"attachment-medium size-medium wp-image-1449\" alt=\"\" srcset=\"https:\/\/gyogyitoangyal.hu\/wp-content\/uploads\/2022\/02\/boys-girls-playing-hopscotch-300x189.jpg 300w, https:\/\/gyogyitoangyal.hu\/wp-content\/uploads\/2022\/02\/boys-girls-playing-hopscotch.jpg 600w\" sizes=\"(max-width: 300px) 100vw, 300px\" \/>\t\t\t\t\t\t\t\t\t\t\t\t\t\t\t<\/div>\n\t\t\t\t<\/div>\n\t\t\t\t\t<\/div>\n\t\t<\/div>\n\t\t\t\t\t<\/div>\n\t\t<\/section>\n\t\t\t\t<section class=\"elementor-section elementor-top-section elementor-element elementor-element-fec3964 elementor-section-boxed elementor-section-height-default elementor-section-height-default\" data-id=\"fec3964\" data-element_type=\"section\" data-e-type=\"section\" data-settings=\"{&quot;background_background&quot;:&quot;classic&quot;}\">\n\t\t\t\t\t\t<div class=\"elementor-container elementor-column-gap-default\">\n\t\t\t\t\t<div class=\"elementor-column elementor-col-100 elementor-top-column elementor-element elementor-element-7a5e73e\" data-id=\"7a5e73e\" data-element_type=\"column\" data-e-type=\"column\">\n\t\t\t<div class=\"elementor-widget-wrap elementor-element-populated\">\n\t\t\t\t\t\t<div class=\"elementor-element elementor-element-ced8d20 elementor-widget elementor-widget-heading\" data-id=\"ced8d20\" data-element_type=\"widget\" data-e-type=\"widget\" data-widget_type=\"heading.default\">\n\t\t\t\t<div class=\"elementor-widget-container\">\n\t\t\t\t\t<h2 class=\"elementor-heading-title elementor-size-default\">Gerg\u0151 \u00e9letment\u0151 m\u0171t\u00e9tje<\/h2>\t\t\t\t<\/div>\n\t\t\t\t<\/div>\n\t\t\t\t<div class=\"elementor-element elementor-element-ad29816 elementor-widget elementor-widget-text-editor\" data-id=\"ad29816\" data-element_type=\"widget\" data-e-type=\"widget\" data-widget_type=\"text-editor.default\">\n\t\t\t\t<div class=\"elementor-widget-container\">\n\t\t\t\t\t\t\t\t\t<p><strong>Az \u00f6sszefog\u00e1s erej\u00e9ben b\u00edzva k\u00e9r\u00fcnk seg\u00edts\u00e9get. A 13 \u00e9ves Gerg\u0151nek lenne sz\u00fcks\u00e9ge t\u00e1mogat\u00e1sra, gy\u00f3gykezel\u00e9seinek fedez\u00e9s\u00e9re. A gy\u00f3gyul\u00e1sa \u00e9rdek\u00e9ben adom\u00e1nygy\u0171jt\u00e9st kezdem\u00e9nyez\u00fcnk.<\/strong><\/p><p>Gerg\u0151 sz\u00fclei mindig nagy csal\u00e1dr\u00f3l \u00e1lmodtak. V\u00e1rva v\u00e1rt harmadik gyermek\u00fck Gerg\u0151, t\u00f6bbsz\u00f6r\u00f6s fejl\u0151d\u00e9si rendelleness\u00e9ggel sz\u00fcletett 2010-ben \u00e9s r\u00f6gt\u00f6n \u00e9letment\u0151 m\u0171t\u00e9tre volt sz\u00fcks\u00e9ge, majd a tov\u00e1bbi \u00e9vek sor\u00e1n sok-sok oper\u00e1ci\u00f3ra. Kisiskol\u00e1s kor\u00e1ban tov\u00e1bbi m\u0171t\u00e9tek v\u00e1rtak r\u00e1, majd folyamatos gondoz\u00e1sra \u00e9s ellen\u0151rz\u00e9sekre kellett j\u00e1rnia a csal\u00e1dnak. \u00c1llapot\u00e1nak sikeres stabiliz\u00e1l\u00e1s\u00e1t k\u00f6vet\u0151en sajnos 2022. \u00e9v nyar\u00e1n COVID fert\u0151z\u00e9st kapott \u00e9s s\u00falyos gyullad\u00e1s miatt k\u00f3rh\u00e1zba ker\u00fclt, \u00e1llapota sokat romlott. A vizsg\u00e1latok sor\u00e1n kider\u00fclt, hogy vesek\u00e1rosod\u00e1s indult el n\u00e1la, vesem\u0171t\u00e9tre van sz\u00fcks\u00e9ge.<\/p><p>Gerg\u0151 sz\u00fclei t\u00f6retlen kitart\u00e1ssal t\u00e1mogatj\u00e1k \u00e9s seg\u00edtik \u0151t a gy\u00f3gyul\u00e1sban, mely kitart\u00e1sban szeretn\u00e9nk \u0151ket t\u00e1mogatni \u00e9s er\u0151s\u00edteni a csal\u00e1dot ezzel a gy\u0171jt\u00e9si kezdem\u00e9nyez\u00e9ssel. Egy nagyon dr\u00e1ga, k\u00fclf\u00f6ld\u00f6n v\u00e9gezhet\u0151 m\u0171t\u00e9ttel \u00e9s tov\u00e1bbi gy\u00f3gykezel\u00e9sekkel Gerg\u0151 es\u00e9lyt kaphatna egy teljesebb, boldogabb \u00e9letre, mag\u00e1ra az \u00e9letre.<\/p>\t\t\t\t\t\t\t\t<\/div>\n\t\t\t\t<\/div>\n\t\t\t\t<div class=\"elementor-element elementor-element-32bb52b elementor-widget elementor-widget-image\" data-id=\"32bb52b\" data-element_type=\"widget\" data-e-type=\"widget\" data-widget_type=\"image.default\">\n\t\t\t\t<div class=\"elementor-widget-container\">\n\t\t\t\t\t\t\t\t\t\t\t\t\t\t\t<img loading=\"lazy\" decoding=\"async\" width=\"480\" height=\"475\" src=\"https:\/\/gyogyitoangyal.hu\/wp-content\/uploads\/2023\/10\/kep_mondassal.jpg\" class=\"attachment-large size-large wp-image-2118\" alt=\"\" srcset=\"https:\/\/gyogyitoangyal.hu\/wp-content\/uploads\/2023\/10\/kep_mondassal.jpg 480w, https:\/\/gyogyitoangyal.hu\/wp-content\/uploads\/2023\/10\/kep_mondassal-300x297.jpg 300w\" sizes=\"(max-width: 480px) 100vw, 480px\" \/>\t\t\t\t\t\t\t\t\t\t\t\t\t\t\t<\/div>\n\t\t\t\t<\/div>\n\t\t\t\t<div class=\"elementor-element elementor-element-28d41cb elementor-widget elementor-widget-text-editor\" data-id=\"28d41cb\" data-element_type=\"widget\" data-e-type=\"widget\" data-widget_type=\"text-editor.default\">\n\t\t\t\t<div class=\"elementor-widget-container\">\n\t\t\t\t\t\t\t\t\t<p>Gerg\u0151 kitart\u00e1s\u00e1t \u00e9s \u00e9lni akar\u00e1s\u00e1t mi sem p\u00e9ld\u00e1zza jobban, hogy \u00e1llapotroml\u00e1sa ellen\u00e9re a l\u00e1t\u00f3kkal egy\u00fctt folytatott tanulm\u00e1nyai sor\u00e1n bep\u00f3tolta a tananyagot, online tanulm\u00e1nyait kit\u0171n\u0151 eredm\u00e9nnyel z\u00e1rta. Melyhez ez\u00faton is sz\u00edvb\u0151l gratul\u00e1lunk Neki \u00e9s \u00fczenj\u00fck: \u201eNincs sz\u00e1modra lehetetlen Gerg\u0151!\u201d<\/p><p>B\u00edzunk benne, hogy az \u00f6sszefog\u00e1ssal nagyban hozz\u00e1j\u00e1rulhatunk a gy\u00f3gykezel\u00e9sek \u00e9s a m\u0171t\u00e9t fedez\u00e9s\u00e9hez, ami szinte lehetetlen terhet r\u00f3 a csal\u00e1dra. K\u00e9rj\u00fck, aki csak teheti, t\u00e1mogassa Gerg\u0151 gy\u00f3gyul\u00e1s\u00e1t! M\u00e9g a legkisebb hozz\u00e1j\u00e1rul\u00e1s is nagy seg\u00edts\u00e9g lehet a 25 milli\u00f3s \u00f6sszeget is meghalad\u00f3 m\u0171t\u00e9tre \u00e9s ezt k\u00f6vet\u0151 gy\u00f3gykezel\u00e9sre.<\/p>\t\t\t\t\t\t\t\t<\/div>\n\t\t\t\t<\/div>\n\t\t\t\t<div class=\"elementor-element elementor-element-11e6b2e elementor-widget elementor-widget-text-editor\" data-id=\"11e6b2e\" data-element_type=\"widget\" data-e-type=\"widget\" data-widget_type=\"text-editor.default\">\n\t\t\t\t<div class=\"elementor-widget-container\">\n\t\t\t\t\t\t\t\t\t<p><b>A t\u00e1mogat\u00e1sokat a Gy\u00f3gy\u00edt\u00f3 Angyal K\u00f6zhaszn\u00fa Alap\u00edtv\u00e1ny banksz\u00e1mlasz\u00e1m\u00e1ra tudj\u00e1tok utalni,<br \/>&#8222;Gerg\u0151 gy\u00f3gyul\u00e1sa&#8221; k\u00f6zlem\u00e9nnyel.<\/b><\/p><p><b>Banksz\u00e1mlasz\u00e1m: 12600016-19407769-75991729<\/b><br \/><b><br \/>Ad\u00f3sz\u00e1m: 18407859-1-06<\/b><\/p>\t\t\t\t\t\t\t\t<\/div>\n\t\t\t\t<\/div>\n\t\t\t\t\t<\/div>\n\t\t<\/div>\n\t\t\t\t\t<\/div>\n\t\t<\/section>\n\t\t\t\t<\/div>\n\t\t","protected":false},"excerpt":{"rendered":"<p>Aktu\u00e1lis Gy\u0171jt\u00e9st kezdem\u00e9nyez\u00fcnk egy speci\u00e1lis, gyermekseb\u00e9szeti laparoscopos eszk\u00f6z beszerz\u00e9s\u00e9re . Olyan sz\u00fcks\u00e9gess\u00e9 v\u00e1l\u00f3 seb\u00e9szi m\u0171szereket k\u00edv\u00e1nunk megv\u00e1s\u00e1rolni, mely eszk\u00f6z\u00f6k a gyerekseb\u00e9szek munk\u00e1j\u00e1t seg\u00edtik, \u00e9s a seb\u00e9szek mindennapi beavatkoz\u00e1s elv\u00e9gz\u00e9se sor\u00e1n haszn\u00e1lnak. Jelenleg az amortiz\u00e1l\u00f3dott m\u0171szerpark friss\u00edt\u00e9se a c\u00e9lunk. Vedd ki a r\u00e9szed a vil\u00e1g jobb\u00e1 t\u00e9tel\u00e9b\u0151l az Adom\u00e1nyokkal! Gy\u00f3gy\u00edt\u00f3 Angyal Alap\u00edtv\u00e1ny 12600016 \u2013 19407769 \u2013&hellip;&nbsp;<a href=\"https:\/\/gyogyitoangyal.hu\/index.php\/aktualis\/\" rel=\"bookmark\">Read More &raquo;<span class=\"screen-reader-text\">Aktu\u00e1lis<\/span><\/a><\/p>\n","protected":false},"author":1,"featured_media":0,"parent":0,"menu_order":0,"comment_status":"closed","ping_status":"closed","template":"page-templates\/template-pagebuilder-full-width.php","meta":{"neve_meta_sidebar":"full-width","neve_meta_container":"full-width","neve_meta_enable_content_width":"off","neve_meta_content_width":100,"neve_meta_title_alignment":"","neve_meta_author_avatar":"","neve_post_elements_order":"","neve_meta_disable_header":"","neve_meta_disable_footer":"","neve_meta_disable_title":"on","footnotes":""},"class_list":["post-211","page","type-page","status-publish","hentry"],"_links":{"self":[{"href":"https:\/\/gyogyitoangyal.hu\/index.php\/wp-json\/wp\/v2\/pages\/211","targetHints":{"allow":["GET"]}}],"collection":[{"href":"https:\/\/gyogyitoangyal.hu\/index.php\/wp-json\/wp\/v2\/pages"}],"about":[{"href":"https:\/\/gyogyitoangyal.hu\/index.php\/wp-json\/wp\/v2\/types\/page"}],"author":[{"embeddable":true,"href":"https:\/\/gyogyitoangyal.hu\/index.php\/wp-json\/wp\/v2\/users\/1"}],"replies":[{"embeddable":true,"href":"https:\/\/gyogyitoangyal.hu\/index.php\/wp-json\/wp\/v2\/comments?post=211"}],"version-history":[{"count":43,"href":"https:\/\/gyogyitoangyal.hu\/index.php\/wp-json\/wp\/v2\/pages\/211\/revisions"}],"predecessor-version":[{"id":2125,"href":"https:\/\/gyogyitoangyal.hu\/index.php\/wp-json\/wp\/v2\/pages\/211\/revisions\/2125"}],"wp:attachment":[{"href":"https:\/\/gyogyitoangyal.hu\/index.php\/wp-json\/wp\/v2\/media?parent=211"}],"curies":[{"name":"wp","href":"https:\/\/api.w.org\/{rel}","templated":true}]}}