{"id":282,"date":"2021-11-16T14:41:07","date_gmt":"2021-11-16T14:41:07","guid":{"rendered":"https:\/\/newpage.gyogyitoangyal.hu\/?page_id=282"},"modified":"2021-11-17T10:51:28","modified_gmt":"2021-11-17T10:51:28","slug":"gal21_fogtunder_atadas","status":"publish","type":"page","link":"https:\/\/gyogyitoangyal.hu\/index.php\/gal21_fogtunder_atadas\/","title":{"rendered":"gal21_fogtunder_atadas"},"content":{"rendered":"\t\t<div data-elementor-type=\"wp-page\" data-elementor-id=\"282\" class=\"elementor elementor-282\">\n\t\t\t\t\t\t<section class=\"elementor-section elementor-top-section elementor-element elementor-element-cc174e5 elementor-section-boxed elementor-section-height-default elementor-section-height-default\" data-id=\"cc174e5\" data-element_type=\"section\" data-e-type=\"section\">\n\t\t\t\t\t\t<div class=\"elementor-container elementor-column-gap-default\">\n\t\t\t\t\t<div class=\"elementor-column elementor-col-100 elementor-top-column elementor-element elementor-element-d23a4f3\" data-id=\"d23a4f3\" data-element_type=\"column\" data-e-type=\"column\">\n\t\t\t<div class=\"elementor-widget-wrap elementor-element-populated\">\n\t\t\t\t\t\t<div class=\"elementor-element elementor-element-b2a76fa elementor-widget elementor-widget-heading\" data-id=\"b2a76fa\" data-element_type=\"widget\" data-e-type=\"widget\" data-widget_type=\"heading.default\">\n\t\t\t\t<div class=\"elementor-widget-container\">\n\t\t\t\t\t<h2 class=\"elementor-heading-title elementor-size-default\">Fogt\u00fcnd\u00e9r \u00e1tad\u00e1s\n\n<\/h2>\t\t\t\t<\/div>\n\t\t\t\t<\/div>\n\t\t\t\t\t<\/div>\n\t\t<\/div>\n\t\t\t\t\t<\/div>\n\t\t<\/section>\n\t\t\t\t<section class=\"elementor-section elementor-top-section elementor-element elementor-element-3d83f69 elementor-section-boxed elementor-section-height-default elementor-section-height-default\" data-id=\"3d83f69\" data-element_type=\"section\" data-e-type=\"section\">\n\t\t\t\t\t\t<div class=\"elementor-container elementor-column-gap-default\">\n\t\t\t\t\t<div class=\"elementor-column elementor-col-100 elementor-top-column elementor-element elementor-element-312c987\" data-id=\"312c987\" data-element_type=\"column\" data-e-type=\"column\">\n\t\t\t<div class=\"elementor-widget-wrap elementor-element-populated\">\n\t\t\t\t\t\t<div class=\"elementor-element elementor-element-47a8d05 elementor-widget elementor-widget-image-gallery\" data-id=\"47a8d05\" data-element_type=\"widget\" data-e-type=\"widget\" data-widget_type=\"image-gallery.default\">\n\t\t\t\t<div class=\"elementor-widget-container\">\n\t\t\t\t\t\t\t<div class=\"elementor-image-gallery\">\n\t\t\t<div id='gallery-1' class='gallery galleryid-282 gallery-columns-4 gallery-size-thumbnail'><figure class='gallery-item'>\n\t\t\t<div class='gallery-icon landscape'>\n\t\t\t\t<a data-elementor-open-lightbox=\"yes\" data-elementor-lightbox-slideshow=\"47a8d05\" data-elementor-lightbox-title=\"gal2107_fogtuender_atadas_11\" data-e-action-hash=\"#elementor-action%3Aaction%3Dlightbox%26settings%3DeyJpZCI6MzAxLCJ1cmwiOiJodHRwczpcL1wvZ3lvZ3lpdG9hbmd5YWwuaHVcL3dwLWNvbnRlbnRcL3VwbG9hZHNcLzIwMjFcLzExXC9nYWwyMTA3X2ZvZ3R1ZW5kZXJfYXRhZGFzXzExLnBuZyIsInNsaWRlc2hvdyI6IjQ3YThkMDUifQ%3D%3D\" href='https:\/\/gyogyitoangyal.hu\/wp-content\/uploads\/2021\/11\/gal2107_fogtuender_atadas_11.png'><img decoding=\"async\" width=\"150\" height=\"150\" src=\"https:\/\/gyogyitoangyal.hu\/wp-content\/uploads\/2021\/11\/gal2107_fogtuender_atadas_11-150x150.png\" class=\"attachment-thumbnail size-thumbnail\" alt=\"\" \/><\/a>\n\t\t\t<\/div><\/figure><figure class='gallery-item'>\n\t\t\t<div class='gallery-icon landscape'>\n\t\t\t\t<a data-elementor-open-lightbox=\"yes\" data-elementor-lightbox-slideshow=\"47a8d05\" data-elementor-lightbox-title=\"gal2107_fogtuender_atadas_09\" data-e-action-hash=\"#elementor-action%3Aaction%3Dlightbox%26settings%3DeyJpZCI6Mjk5LCJ1cmwiOiJodHRwczpcL1wvZ3lvZ3lpdG9hbmd5YWwuaHVcL3dwLWNvbnRlbnRcL3VwbG9hZHNcLzIwMjFcLzExXC9nYWwyMTA3X2ZvZ3R1ZW5kZXJfYXRhZGFzXzA5LmpwZyIsInNsaWRlc2hvdyI6IjQ3YThkMDUifQ%3D%3D\" href='https:\/\/gyogyitoangyal.hu\/wp-content\/uploads\/2021\/11\/gal2107_fogtuender_atadas_09.jpg'><img decoding=\"async\" width=\"150\" height=\"150\" src=\"https:\/\/gyogyitoangyal.hu\/wp-content\/uploads\/2021\/11\/gal2107_fogtuender_atadas_09-150x150.jpg\" class=\"attachment-thumbnail size-thumbnail\" alt=\"\" \/><\/a>\n\t\t\t<\/div><\/figure><figure class='gallery-item'>\n\t\t\t<div class='gallery-icon landscape'>\n\t\t\t\t<a data-elementor-open-lightbox=\"yes\" data-elementor-lightbox-slideshow=\"47a8d05\" data-elementor-lightbox-title=\"gal2107_fogtuender_atadas_10\" data-e-action-hash=\"#elementor-action%3Aaction%3Dlightbox%26settings%3DeyJpZCI6MzAwLCJ1cmwiOiJodHRwczpcL1wvZ3lvZ3lpdG9hbmd5YWwuaHVcL3dwLWNvbnRlbnRcL3VwbG9hZHNcLzIwMjFcLzExXC9nYWwyMTA3X2ZvZ3R1ZW5kZXJfYXRhZGFzXzEwLmpwZyIsInNsaWRlc2hvdyI6IjQ3YThkMDUifQ%3D%3D\" href='https:\/\/gyogyitoangyal.hu\/wp-content\/uploads\/2021\/11\/gal2107_fogtuender_atadas_10.jpg'><img decoding=\"async\" width=\"150\" height=\"150\" src=\"https:\/\/gyogyitoangyal.hu\/wp-content\/uploads\/2021\/11\/gal2107_fogtuender_atadas_10-150x150.jpg\" class=\"attachment-thumbnail size-thumbnail\" alt=\"\" \/><\/a>\n\t\t\t<\/div><\/figure><figure class='gallery-item'>\n\t\t\t<div class='gallery-icon landscape'>\n\t\t\t\t<a data-elementor-open-lightbox=\"yes\" data-elementor-lightbox-slideshow=\"47a8d05\" data-elementor-lightbox-title=\"gal2107_fogtuender_atadas_07\" data-e-action-hash=\"#elementor-action%3Aaction%3Dlightbox%26settings%3DeyJpZCI6Mjk3LCJ1cmwiOiJodHRwczpcL1wvZ3lvZ3lpdG9hbmd5YWwuaHVcL3dwLWNvbnRlbnRcL3VwbG9hZHNcLzIwMjFcLzExXC9nYWwyMTA3X2ZvZ3R1ZW5kZXJfYXRhZGFzXzA3LnBuZyIsInNsaWRlc2hvdyI6IjQ3YThkMDUifQ%3D%3D\" href='https:\/\/gyogyitoangyal.hu\/wp-content\/uploads\/2021\/11\/gal2107_fogtuender_atadas_07.png'><img loading=\"lazy\" decoding=\"async\" width=\"150\" height=\"150\" src=\"https:\/\/gyogyitoangyal.hu\/wp-content\/uploads\/2021\/11\/gal2107_fogtuender_atadas_07-150x150.png\" class=\"attachment-thumbnail size-thumbnail\" alt=\"\" \/><\/a>\n\t\t\t<\/div><\/figure><figure class='gallery-item'>\n\t\t\t<div class='gallery-icon landscape'>\n\t\t\t\t<a data-elementor-open-lightbox=\"yes\" data-elementor-lightbox-slideshow=\"47a8d05\" data-elementor-lightbox-title=\"gal2107_fogtuender_atadas_08\" data-e-action-hash=\"#elementor-action%3Aaction%3Dlightbox%26settings%3DeyJpZCI6Mjk4LCJ1cmwiOiJodHRwczpcL1wvZ3lvZ3lpdG9hbmd5YWwuaHVcL3dwLWNvbnRlbnRcL3VwbG9hZHNcLzIwMjFcLzExXC9nYWwyMTA3X2ZvZ3R1ZW5kZXJfYXRhZGFzXzA4LnBuZyIsInNsaWRlc2hvdyI6IjQ3YThkMDUifQ%3D%3D\" href='https:\/\/gyogyitoangyal.hu\/wp-content\/uploads\/2021\/11\/gal2107_fogtuender_atadas_08.png'><img loading=\"lazy\" decoding=\"async\" width=\"150\" height=\"150\" src=\"https:\/\/gyogyitoangyal.hu\/wp-content\/uploads\/2021\/11\/gal2107_fogtuender_atadas_08-150x150.png\" class=\"attachment-thumbnail size-thumbnail\" alt=\"\" \/><\/a>\n\t\t\t<\/div><\/figure><figure class='gallery-item'>\n\t\t\t<div class='gallery-icon portrait'>\n\t\t\t\t<a data-elementor-open-lightbox=\"yes\" data-elementor-lightbox-slideshow=\"47a8d05\" data-elementor-lightbox-title=\"gal2107_fogtuender_atadas_05\" data-e-action-hash=\"#elementor-action%3Aaction%3Dlightbox%26settings%3DeyJpZCI6Mjk1LCJ1cmwiOiJodHRwczpcL1wvZ3lvZ3lpdG9hbmd5YWwuaHVcL3dwLWNvbnRlbnRcL3VwbG9hZHNcLzIwMjFcLzExXC9nYWwyMTA3X2ZvZ3R1ZW5kZXJfYXRhZGFzXzA1LnBuZyIsInNsaWRlc2hvdyI6IjQ3YThkMDUifQ%3D%3D\" href='https:\/\/gyogyitoangyal.hu\/wp-content\/uploads\/2021\/11\/gal2107_fogtuender_atadas_05.png'><img loading=\"lazy\" decoding=\"async\" width=\"150\" height=\"150\" src=\"https:\/\/gyogyitoangyal.hu\/wp-content\/uploads\/2021\/11\/gal2107_fogtuender_atadas_05-150x150.png\" class=\"attachment-thumbnail size-thumbnail\" alt=\"\" \/><\/a>\n\t\t\t<\/div><\/figure><figure class='gallery-item'>\n\t\t\t<div class='gallery-icon portrait'>\n\t\t\t\t<a data-elementor-open-lightbox=\"yes\" data-elementor-lightbox-slideshow=\"47a8d05\" data-elementor-lightbox-title=\"gal2107_fogtuender_atadas_06\" data-e-action-hash=\"#elementor-action%3Aaction%3Dlightbox%26settings%3DeyJpZCI6Mjk2LCJ1cmwiOiJodHRwczpcL1wvZ3lvZ3lpdG9hbmd5YWwuaHVcL3dwLWNvbnRlbnRcL3VwbG9hZHNcLzIwMjFcLzExXC9nYWwyMTA3X2ZvZ3R1ZW5kZXJfYXRhZGFzXzA2LnBuZyIsInNsaWRlc2hvdyI6IjQ3YThkMDUifQ%3D%3D\" href='https:\/\/gyogyitoangyal.hu\/wp-content\/uploads\/2021\/11\/gal2107_fogtuender_atadas_06.png'><img loading=\"lazy\" decoding=\"async\" width=\"150\" height=\"150\" src=\"https:\/\/gyogyitoangyal.hu\/wp-content\/uploads\/2021\/11\/gal2107_fogtuender_atadas_06-150x150.png\" class=\"attachment-thumbnail size-thumbnail\" alt=\"\" \/><\/a>\n\t\t\t<\/div><\/figure><figure class='gallery-item'>\n\t\t\t<div class='gallery-icon landscape'>\n\t\t\t\t<a data-elementor-open-lightbox=\"yes\" data-elementor-lightbox-slideshow=\"47a8d05\" data-elementor-lightbox-title=\"gal2107_fogtuender_atadas_03\" data-e-action-hash=\"#elementor-action%3Aaction%3Dlightbox%26settings%3DeyJpZCI6MjkzLCJ1cmwiOiJodHRwczpcL1wvZ3lvZ3lpdG9hbmd5YWwuaHVcL3dwLWNvbnRlbnRcL3VwbG9hZHNcLzIwMjFcLzExXC9nYWwyMTA3X2ZvZ3R1ZW5kZXJfYXRhZGFzXzAzLnBuZyIsInNsaWRlc2hvdyI6IjQ3YThkMDUifQ%3D%3D\" href='https:\/\/gyogyitoangyal.hu\/wp-content\/uploads\/2021\/11\/gal2107_fogtuender_atadas_03.png'><img loading=\"lazy\" decoding=\"async\" width=\"150\" height=\"150\" src=\"https:\/\/gyogyitoangyal.hu\/wp-content\/uploads\/2021\/11\/gal2107_fogtuender_atadas_03-150x150.png\" class=\"attachment-thumbnail size-thumbnail\" alt=\"\" \/><\/a>\n\t\t\t<\/div><\/figure><figure class='gallery-item'>\n\t\t\t<div class='gallery-icon landscape'>\n\t\t\t\t<a data-elementor-open-lightbox=\"yes\" data-elementor-lightbox-slideshow=\"47a8d05\" data-elementor-lightbox-title=\"gal2107_fogtuender_atadas_04\" data-e-action-hash=\"#elementor-action%3Aaction%3Dlightbox%26settings%3DeyJpZCI6Mjk0LCJ1cmwiOiJodHRwczpcL1wvZ3lvZ3lpdG9hbmd5YWwuaHVcL3dwLWNvbnRlbnRcL3VwbG9hZHNcLzIwMjFcLzExXC9nYWwyMTA3X2ZvZ3R1ZW5kZXJfYXRhZGFzXzA0LnBuZyIsInNsaWRlc2hvdyI6IjQ3YThkMDUifQ%3D%3D\" href='https:\/\/gyogyitoangyal.hu\/wp-content\/uploads\/2021\/11\/gal2107_fogtuender_atadas_04.png'><img loading=\"lazy\" decoding=\"async\" width=\"150\" height=\"150\" src=\"https:\/\/gyogyitoangyal.hu\/wp-content\/uploads\/2021\/11\/gal2107_fogtuender_atadas_04-150x150.png\" class=\"attachment-thumbnail size-thumbnail\" alt=\"\" \/><\/a>\n\t\t\t<\/div><\/figure><figure class='gallery-item'>\n\t\t\t<div class='gallery-icon landscape'>\n\t\t\t\t<a data-elementor-open-lightbox=\"yes\" data-elementor-lightbox-slideshow=\"47a8d05\" data-elementor-lightbox-title=\"gal2107_fogtuender_atadas_02\" data-e-action-hash=\"#elementor-action%3Aaction%3Dlightbox%26settings%3DeyJpZCI6MjkyLCJ1cmwiOiJodHRwczpcL1wvZ3lvZ3lpdG9hbmd5YWwuaHVcL3dwLWNvbnRlbnRcL3VwbG9hZHNcLzIwMjFcLzExXC9nYWwyMTA3X2ZvZ3R1ZW5kZXJfYXRhZGFzXzAyLnBuZyIsInNsaWRlc2hvdyI6IjQ3YThkMDUifQ%3D%3D\" href='https:\/\/gyogyitoangyal.hu\/wp-content\/uploads\/2021\/11\/gal2107_fogtuender_atadas_02.png'><img loading=\"lazy\" decoding=\"async\" width=\"150\" height=\"150\" src=\"https:\/\/gyogyitoangyal.hu\/wp-content\/uploads\/2021\/11\/gal2107_fogtuender_atadas_02-150x150.png\" class=\"attachment-thumbnail size-thumbnail\" alt=\"\" \/><\/a>\n\t\t\t<\/div><\/figure><figure class='gallery-item'>\n\t\t\t<div class='gallery-icon landscape'>\n\t\t\t\t<a data-elementor-open-lightbox=\"yes\" data-elementor-lightbox-slideshow=\"47a8d05\" data-elementor-lightbox-title=\"gal2107_fogtuender_atadas_01\" data-e-action-hash=\"#elementor-action%3Aaction%3Dlightbox%26settings%3DeyJpZCI6MjkxLCJ1cmwiOiJodHRwczpcL1wvZ3lvZ3lpdG9hbmd5YWwuaHVcL3dwLWNvbnRlbnRcL3VwbG9hZHNcLzIwMjFcLzExXC9nYWwyMTA3X2ZvZ3R1ZW5kZXJfYXRhZGFzXzAxLmpwZyIsInNsaWRlc2hvdyI6IjQ3YThkMDUifQ%3D%3D\" href='https:\/\/gyogyitoangyal.hu\/wp-content\/uploads\/2021\/11\/gal2107_fogtuender_atadas_01.jpg'><img loading=\"lazy\" decoding=\"async\" width=\"150\" height=\"150\" src=\"https:\/\/gyogyitoangyal.hu\/wp-content\/uploads\/2021\/11\/gal2107_fogtuender_atadas_01-150x150.jpg\" class=\"attachment-thumbnail size-thumbnail\" alt=\"\" \/><\/a>\n\t\t\t<\/div><\/figure>\n\t\t<\/div>\n\t\t<\/div>\n\t\t\t\t\t\t<\/div>\n\t\t\t\t<\/div>\n\t\t\t\t\t<\/div>\n\t\t<\/div>\n\t\t\t\t\t<\/div>\n\t\t<\/section>\n\t\t\t\t<\/div>\n\t\t","protected":false},"excerpt":{"rendered":"<p>Fogt\u00fcnd\u00e9r \u00e1tad\u00e1s<\/p>\n","protected":false},"author":1,"featured_media":0,"parent":0,"menu_order":0,"comment_status":"closed","ping_status":"closed","template":"page-templates\/template-pagebuilder-full-width.php","meta":{"neve_meta_sidebar":"full-width","neve_meta_container":"full-width","neve_meta_enable_content_width":"off","neve_meta_content_width":100,"neve_meta_title_alignment":"","neve_meta_author_avatar":"","neve_post_elements_order":"","neve_meta_disable_header":"","neve_meta_disable_footer":"","neve_meta_disable_title":"on","footnotes":""},"class_list":["post-282","page","type-page","status-publish","hentry"],"_links":{"self":[{"href":"https:\/\/gyogyitoangyal.hu\/index.php\/wp-json\/wp\/v2\/pages\/282","targetHints":{"allow":["GET"]}}],"collection":[{"href":"https:\/\/gyogyitoangyal.hu\/index.php\/wp-json\/wp\/v2\/pages"}],"about":[{"href":"https:\/\/gyogyitoangyal.hu\/index.php\/wp-json\/wp\/v2\/types\/page"}],"author":[{"embeddable":true,"href":"https:\/\/gyogyitoangyal.hu\/index.php\/wp-json\/wp\/v2\/users\/1"}],"replies":[{"embeddable":true,"href":"https:\/\/gyogyitoangyal.hu\/index.php\/wp-json\/wp\/v2\/comments?post=282"}],"version-history":[{"count":8,"href":"https:\/\/gyogyitoangyal.hu\/index.php\/wp-json\/wp\/v2\/pages\/282\/revisions"}],"predecessor-version":[{"id":489,"href":"https:\/\/gyogyitoangyal.hu\/index.php\/wp-json\/wp\/v2\/pages\/282\/revisions\/489"}],"wp:attachment":[{"href":"https:\/\/gyogyitoangyal.hu\/index.php\/wp-json\/wp\/v2\/media?parent=282"}],"curies":[{"name":"wp","href":"https:\/\/api.w.org\/{rel}","templated":true}]}}