{"id":37,"date":"2021-11-09T13:57:04","date_gmt":"2021-11-09T13:57:04","guid":{"rendered":"https:\/\/newpage.gyogyitoangyal.hu\/?page_id=37"},"modified":"2022-05-10T13:49:29","modified_gmt":"2022-05-10T13:49:29","slug":"programjaink","status":"publish","type":"page","link":"https:\/\/gyogyitoangyal.hu\/index.php\/programjaink\/","title":{"rendered":"Programjaink"},"content":{"rendered":"\t\t<div data-elementor-type=\"wp-page\" data-elementor-id=\"37\" class=\"elementor elementor-37\">\n\t\t\t\t\t\t<section class=\"elementor-section elementor-top-section elementor-element elementor-element-da88b0b elementor-section-boxed elementor-section-height-default elementor-section-height-default\" data-id=\"da88b0b\" data-element_type=\"section\" data-e-type=\"section\">\n\t\t\t\t\t\t<div class=\"elementor-container elementor-column-gap-default\">\n\t\t\t\t\t<div class=\"elementor-column elementor-col-100 elementor-top-column elementor-element elementor-element-4076a41\" data-id=\"4076a41\" data-element_type=\"column\" data-e-type=\"column\">\n\t\t\t<div class=\"elementor-widget-wrap elementor-element-populated\">\n\t\t\t\t\t\t<div class=\"elementor-element elementor-element-897f37f elementor-widget elementor-widget-heading\" data-id=\"897f37f\" data-element_type=\"widget\" data-e-type=\"widget\" data-widget_type=\"heading.default\">\n\t\t\t\t<div class=\"elementor-widget-container\">\n\t\t\t\t\t<h2 class=\"elementor-heading-title elementor-size-default\">Programjaink<\/h2>\t\t\t\t<\/div>\n\t\t\t\t<\/div>\n\t\t\t\t<section class=\"elementor-section elementor-inner-section elementor-element elementor-element-13bba38 elementor-section-boxed elementor-section-height-default elementor-section-height-default\" data-id=\"13bba38\" data-element_type=\"section\" data-e-type=\"section\">\n\t\t\t\t\t\t<div class=\"elementor-container elementor-column-gap-default\">\n\t\t\t\t\t<div class=\"elementor-column elementor-col-50 elementor-inner-column elementor-element elementor-element-ec228b9\" data-id=\"ec228b9\" data-element_type=\"column\" data-e-type=\"column\">\n\t\t\t<div class=\"elementor-widget-wrap elementor-element-populated\">\n\t\t\t\t\t\t<div class=\"elementor-element elementor-element-b8b135a elementor-widget elementor-widget-text-editor\" data-id=\"b8b135a\" data-element_type=\"widget\" data-e-type=\"widget\" data-widget_type=\"text-editor.default\">\n\t\t\t\t<div class=\"elementor-widget-container\">\n\t\t\t\t\t\t\t\t\t<ul><li><strong>Int\u00e9zetben kezelt gyermekek gy\u00f3gy\u00edt\u00e1s\u00e1nak t\u00e1mogat\u00e1sa:<\/strong><br \/>\u00c9vek \u00f3ta kiemelt programunk a beteg, int\u00e9zetben kezelt gyermekek k\u00f3rh\u00e1zban val\u00f3 tart\u00f3zkod\u00e1s\u00e1nak k\u00f6nny\u00edt\u00e9se. A Gy\u00f3gy\u00edt\u00f3 Angyal Alap\u00edtv\u00e1ny adom\u00e1nyoz\u00e1sainak f\u00f3kusz\u00e1ban a gyermekeg\u00e9szs\u00e9g\u00fcgy fejleszt\u00e9se szerepel. Imm\u00e1ron 9 \u00e9ve t\u00e1mogatjuk az int\u00e9zetben kezelt kis betegek gy\u00f3gyul\u00e1s\u00e1t.<\/li><\/ul>\t\t\t\t\t\t\t\t<\/div>\n\t\t\t\t<\/div>\n\t\t\t\t\t<\/div>\n\t\t<\/div>\n\t\t\t\t<div class=\"elementor-column elementor-col-50 elementor-inner-column elementor-element elementor-element-1d387b9\" data-id=\"1d387b9\" data-element_type=\"column\" data-e-type=\"column\">\n\t\t\t<div class=\"elementor-widget-wrap elementor-element-populated\">\n\t\t\t\t\t\t<div class=\"elementor-element elementor-element-4808969 elementor-widget elementor-widget-image\" data-id=\"4808969\" data-element_type=\"widget\" data-e-type=\"widget\" data-widget_type=\"image.default\">\n\t\t\t\t<div class=\"elementor-widget-container\">\n\t\t\t\t\t\t\t\t\t\t\t\t\t\t\t<img fetchpriority=\"high\" decoding=\"async\" width=\"300\" height=\"200\" src=\"https:\/\/gyogyitoangyal.hu\/wp-content\/uploads\/2021\/11\/szurovizsgalat-1-300x200.png\" class=\"attachment-medium size-medium wp-image-188\" alt=\"\" srcset=\"https:\/\/gyogyitoangyal.hu\/wp-content\/uploads\/2021\/11\/szurovizsgalat-1-300x200.png 300w, https:\/\/gyogyitoangyal.hu\/wp-content\/uploads\/2021\/11\/szurovizsgalat-1.png 600w\" sizes=\"(max-width: 300px) 100vw, 300px\" \/>\t\t\t\t\t\t\t\t\t\t\t\t\t\t\t<\/div>\n\t\t\t\t<\/div>\n\t\t\t\t\t<\/div>\n\t\t<\/div>\n\t\t\t\t\t<\/div>\n\t\t<\/section>\n\t\t\t\t\t<\/div>\n\t\t<\/div>\n\t\t\t\t\t<\/div>\n\t\t<\/section>\n\t\t\t\t<section class=\"elementor-section elementor-top-section elementor-element elementor-element-cd1183d elementor-section-boxed elementor-section-height-default elementor-section-height-default\" data-id=\"cd1183d\" data-element_type=\"section\" data-e-type=\"section\">\n\t\t\t\t\t\t<div class=\"elementor-container elementor-column-gap-default\">\n\t\t\t\t\t<div class=\"elementor-column elementor-col-50 elementor-top-column elementor-element elementor-element-d696d6d\" data-id=\"d696d6d\" data-element_type=\"column\" data-e-type=\"column\">\n\t\t\t<div class=\"elementor-widget-wrap elementor-element-populated\">\n\t\t\t\t\t\t<div class=\"elementor-element elementor-element-5da07f6 elementor-widget elementor-widget-image\" data-id=\"5da07f6\" data-element_type=\"widget\" data-e-type=\"widget\" data-widget_type=\"image.default\">\n\t\t\t\t<div class=\"elementor-widget-container\">\n\t\t\t\t\t\t\t\t\t\t\t\t\t\t\t<img decoding=\"async\" width=\"287\" height=\"300\" src=\"https:\/\/gyogyitoangyal.hu\/wp-content\/uploads\/2022\/02\/isometric-restaurant-kitchen-interior-composition-with-chefs-cooking-dishes-furniture-stove-fridge-utensil-287x300.png\" class=\"attachment-medium size-medium wp-image-1460\" alt=\"\" srcset=\"https:\/\/gyogyitoangyal.hu\/wp-content\/uploads\/2022\/02\/isometric-restaurant-kitchen-interior-composition-with-chefs-cooking-dishes-furniture-stove-fridge-utensil-287x300.png 287w, https:\/\/gyogyitoangyal.hu\/wp-content\/uploads\/2022\/02\/isometric-restaurant-kitchen-interior-composition-with-chefs-cooking-dishes-furniture-stove-fridge-utensil.png 600w\" sizes=\"(max-width: 287px) 100vw, 287px\" \/>\t\t\t\t\t\t\t\t\t\t\t\t\t\t\t<\/div>\n\t\t\t\t<\/div>\n\t\t\t\t\t<\/div>\n\t\t<\/div>\n\t\t\t\t<div class=\"elementor-column elementor-col-50 elementor-top-column elementor-element elementor-element-2626d6e\" data-id=\"2626d6e\" data-element_type=\"column\" data-e-type=\"column\">\n\t\t\t<div class=\"elementor-widget-wrap elementor-element-populated\">\n\t\t\t\t\t\t<div class=\"elementor-element elementor-element-e0ddf16 elementor-widget elementor-widget-text-editor\" data-id=\"e0ddf16\" data-element_type=\"widget\" data-e-type=\"widget\" data-widget_type=\"text-editor.default\">\n\t\t\t\t<div class=\"elementor-widget-container\">\n\t\t\t\t\t\t\t\t\t<ul><li><strong>Id\u0151sotthonok megseg\u00edt\u00e9se:<\/strong><br \/>Orsz\u00e1gszerte k\u00fcl\u00f6nleges t\u00e1pl\u00e1lkoz\u00e1si ig\u00e9nyt kiel\u00e9g\u00edt\u0151 t\u00e1pszerekkel t\u00e1mogatjuk az id\u0151sotthonok lak\u00f3it.<\/li><\/ul>\t\t\t\t\t\t\t\t<\/div>\n\t\t\t\t<\/div>\n\t\t\t\t\t<\/div>\n\t\t<\/div>\n\t\t\t\t\t<\/div>\n\t\t<\/section>\n\t\t\t\t<section class=\"elementor-section elementor-top-section elementor-element elementor-element-96b212b elementor-section-boxed elementor-section-height-default elementor-section-height-default\" data-id=\"96b212b\" data-element_type=\"section\" data-e-type=\"section\">\n\t\t\t\t\t\t<div class=\"elementor-container elementor-column-gap-default\">\n\t\t\t\t\t<div class=\"elementor-column elementor-col-50 elementor-top-column elementor-element elementor-element-bc38311\" data-id=\"bc38311\" data-element_type=\"column\" data-e-type=\"column\">\n\t\t\t<div class=\"elementor-widget-wrap elementor-element-populated\">\n\t\t\t\t\t\t<div class=\"elementor-element elementor-element-07b87c7 elementor-widget elementor-widget-text-editor\" data-id=\"07b87c7\" data-element_type=\"widget\" data-e-type=\"widget\" data-widget_type=\"text-editor.default\">\n\t\t\t\t<div class=\"elementor-widget-container\">\n\t\t\t\t\t\t\t\t\t<ul><li><strong>Adom\u00e1nyok gy\u0171jt\u00e9se<\/strong><br \/>A k\u00f6z\u00f6ss\u00e9gi adom\u00e1nygy\u0171jt\u00e9seink izgalmas \u00e9s kreat\u00edv folyamatok, mely nagyszer\u0171 lehet\u0151s\u00e9get teremtettek a szervezet\u00fcnk k\u00f6r\u00fcli t\u00e1mogat\u00f3i k\u00f6z\u00f6ss\u00e9g \u00e9p\u00edt\u00e9s\u00e9re!<br \/>Adom\u00e1nyok kedvezm\u00e9nyezettjei els\u0151sorban a fogyat\u00e9kkal \u00e9l\u0151k, r\u00e1szorul\u00f3 csal\u00e1dok, Covid 19 j\u00e1rv\u00e1ny miatt el\u00e1rvultak.<\/li><\/ul>\t\t\t\t\t\t\t\t<\/div>\n\t\t\t\t<\/div>\n\t\t\t\t\t<\/div>\n\t\t<\/div>\n\t\t\t\t<div class=\"elementor-column elementor-col-50 elementor-top-column elementor-element elementor-element-4eb08ad\" data-id=\"4eb08ad\" data-element_type=\"column\" data-e-type=\"column\">\n\t\t\t<div class=\"elementor-widget-wrap elementor-element-populated\">\n\t\t\t\t\t\t<div class=\"elementor-element elementor-element-2f11c5b elementor-widget elementor-widget-image\" data-id=\"2f11c5b\" data-element_type=\"widget\" data-e-type=\"widget\" data-widget_type=\"image.default\">\n\t\t\t\t<div class=\"elementor-widget-container\">\n\t\t\t\t\t\t\t\t\t\t\t\t\t\t\t<img decoding=\"async\" width=\"300\" height=\"200\" src=\"https:\/\/gyogyitoangyal.hu\/wp-content\/uploads\/2021\/11\/adomany-1-300x200.png\" class=\"attachment-medium size-medium wp-image-187\" alt=\"\" srcset=\"https:\/\/gyogyitoangyal.hu\/wp-content\/uploads\/2021\/11\/adomany-1-300x200.png 300w, https:\/\/gyogyitoangyal.hu\/wp-content\/uploads\/2021\/11\/adomany-1.png 600w\" sizes=\"(max-width: 300px) 100vw, 300px\" \/>\t\t\t\t\t\t\t\t\t\t\t\t\t\t\t<\/div>\n\t\t\t\t<\/div>\n\t\t\t\t\t<\/div>\n\t\t<\/div>\n\t\t\t\t\t<\/div>\n\t\t<\/section>\n\t\t\t\t<section class=\"elementor-section elementor-top-section elementor-element elementor-element-c963e69 elementor-section-boxed elementor-section-height-default elementor-section-height-default\" data-id=\"c963e69\" data-element_type=\"section\" data-e-type=\"section\">\n\t\t\t\t\t\t<div class=\"elementor-container elementor-column-gap-default\">\n\t\t\t\t\t<div class=\"elementor-column elementor-col-50 elementor-top-column elementor-element elementor-element-e98ddb0\" data-id=\"e98ddb0\" data-element_type=\"column\" data-e-type=\"column\">\n\t\t\t<div class=\"elementor-widget-wrap elementor-element-populated\">\n\t\t\t\t\t\t<div class=\"elementor-element elementor-element-0423bc8 elementor-widget elementor-widget-image\" data-id=\"0423bc8\" data-element_type=\"widget\" data-e-type=\"widget\" data-widget_type=\"image.default\">\n\t\t\t\t<div class=\"elementor-widget-container\">\n\t\t\t\t\t\t\t\t\t\t\t\t\t\t\t<img loading=\"lazy\" decoding=\"async\" width=\"300\" height=\"181\" src=\"https:\/\/gyogyitoangyal.hu\/wp-content\/uploads\/2022\/02\/sporty-people-running-marathon-park-illustration-300x181.png\" class=\"attachment-medium size-medium wp-image-1458\" alt=\"\" srcset=\"https:\/\/gyogyitoangyal.hu\/wp-content\/uploads\/2022\/02\/sporty-people-running-marathon-park-illustration-300x181.png 300w, https:\/\/gyogyitoangyal.hu\/wp-content\/uploads\/2022\/02\/sporty-people-running-marathon-park-illustration.png 600w\" sizes=\"(max-width: 300px) 100vw, 300px\" \/>\t\t\t\t\t\t\t\t\t\t\t\t\t\t\t<\/div>\n\t\t\t\t<\/div>\n\t\t\t\t\t<\/div>\n\t\t<\/div>\n\t\t\t\t<div class=\"elementor-column elementor-col-50 elementor-top-column elementor-element elementor-element-6ba4fa8\" data-id=\"6ba4fa8\" data-element_type=\"column\" data-e-type=\"column\">\n\t\t\t<div class=\"elementor-widget-wrap elementor-element-populated\">\n\t\t\t\t\t\t<div class=\"elementor-element elementor-element-4e1c7d7 elementor-widget elementor-widget-text-editor\" data-id=\"4e1c7d7\" data-element_type=\"widget\" data-e-type=\"widget\" data-widget_type=\"text-editor.default\">\n\t\t\t\t<div class=\"elementor-widget-container\">\n\t\t\t\t\t\t\t\t\t<ul><li><strong>4en a K\u00e9ken<\/strong><br \/>A sportol\u00f3k c\u00e9lja: v\u00e9gig futni az Orsz\u00e1gos K\u00e9kt\u00fara \u00fatvonal\u00e1n v\u00e1lt\u00f3ban. Minden kezdem\u00e9nyez\u00e9s\u00fck nemes \u00fcgyet szolg\u00e1l. Alap\u00edtv\u00e1nyunk feladata a 4 amat\u0151r fut\u00f3 c\u00e9ljainak t\u00e1mogat\u00e1sa, a j\u00f3t\u00e9konys\u00e1gi gy\u0171jt\u00e9s koordin\u00e1l\u00e1sa \u00e9s az \u00e1tl\u00e1tsz\u00f3s\u00e1g biztos\u00edt\u00e1sa.<\/li><\/ul>\t\t\t\t\t\t\t\t<\/div>\n\t\t\t\t<\/div>\n\t\t\t\t\t<\/div>\n\t\t<\/div>\n\t\t\t\t\t<\/div>\n\t\t<\/section>\n\t\t\t\t<section class=\"elementor-section elementor-top-section elementor-element elementor-element-3fa124e elementor-section-boxed elementor-section-height-default elementor-section-height-default\" data-id=\"3fa124e\" data-element_type=\"section\" data-e-type=\"section\">\n\t\t\t\t\t\t<div class=\"elementor-container elementor-column-gap-default\">\n\t\t\t\t\t<div class=\"elementor-column elementor-col-50 elementor-top-column elementor-element elementor-element-6b346b2\" data-id=\"6b346b2\" data-element_type=\"column\" data-e-type=\"column\">\n\t\t\t<div class=\"elementor-widget-wrap elementor-element-populated\">\n\t\t\t\t\t\t<div class=\"elementor-element elementor-element-d9bf8be elementor-widget elementor-widget-text-editor\" data-id=\"d9bf8be\" data-element_type=\"widget\" data-e-type=\"widget\" data-widget_type=\"text-editor.default\">\n\t\t\t\t<div class=\"elementor-widget-container\">\n\t\t\t\t\t\t\t\t\t<ul><li><strong>Eg\u00e9szs\u00e9g\u00fcgyi sz\u0171r\u00e9sek:<\/strong><br \/>Rendszeresen szervez\u00fcnk prevenci\u00f3s jelleg\u0171 t\u00e9r\u00edt\u00e9smentes sz\u0171r\u0151vizsg\u00e1latokat iskol\u00e1sok r\u00e9sz\u00e9re, melynek c\u00e9lja a gyermekkori betegs\u00e9gek korai felismer\u00e9se. Gyermekeink eg\u00e9szs\u00e9ge a mi mai befektet\u00e9s\u00fcnk a j\u00f6v\u0151 t\u00e1rsadalm\u00e1ba, hiszen a hat\u00e9kony \u00e9s min\u0151s\u00e9gi gyermekkori prevenci\u00f3s program az eg\u00e9szs\u00e9ges t\u00e1rsadalom megalapoz\u00e1s\u00e1t jelenti.<\/li><\/ul>\t\t\t\t\t\t\t\t<\/div>\n\t\t\t\t<\/div>\n\t\t\t\t\t<\/div>\n\t\t<\/div>\n\t\t\t\t<div class=\"elementor-column elementor-col-50 elementor-top-column elementor-element elementor-element-d42024b\" data-id=\"d42024b\" data-element_type=\"column\" data-e-type=\"column\">\n\t\t\t<div class=\"elementor-widget-wrap elementor-element-populated\">\n\t\t\t\t\t\t<div class=\"elementor-element elementor-element-c7258c6 elementor-widget elementor-widget-image\" data-id=\"c7258c6\" data-element_type=\"widget\" data-e-type=\"widget\" data-widget_type=\"image.default\">\n\t\t\t\t<div class=\"elementor-widget-container\">\n\t\t\t\t\t\t\t\t\t\t\t\t\t\t\t<img loading=\"lazy\" decoding=\"async\" width=\"300\" height=\"226\" src=\"https:\/\/gyogyitoangyal.hu\/wp-content\/uploads\/2022\/02\/set-doctors-operating-medical-equipment-examining-patients-300x226.png\" class=\"attachment-medium size-medium wp-image-1459\" alt=\"\" srcset=\"https:\/\/gyogyitoangyal.hu\/wp-content\/uploads\/2022\/02\/set-doctors-operating-medical-equipment-examining-patients-300x226.png 300w, https:\/\/gyogyitoangyal.hu\/wp-content\/uploads\/2022\/02\/set-doctors-operating-medical-equipment-examining-patients.png 600w\" sizes=\"(max-width: 300px) 100vw, 300px\" \/>\t\t\t\t\t\t\t\t\t\t\t\t\t\t\t<\/div>\n\t\t\t\t<\/div>\n\t\t\t\t\t<\/div>\n\t\t<\/div>\n\t\t\t\t\t<\/div>\n\t\t<\/section>\n\t\t\t\t<section class=\"elementor-section elementor-top-section elementor-element elementor-element-61fae10 elementor-section-boxed elementor-section-height-default elementor-section-height-default\" data-id=\"61fae10\" data-element_type=\"section\" data-e-type=\"section\">\n\t\t\t\t\t\t<div class=\"elementor-container elementor-column-gap-default\">\n\t\t\t\t\t<div class=\"elementor-column elementor-col-50 elementor-top-column elementor-element elementor-element-86bf0b8\" data-id=\"86bf0b8\" data-element_type=\"column\" data-e-type=\"column\">\n\t\t\t<div class=\"elementor-widget-wrap elementor-element-populated\">\n\t\t\t\t\t\t<div class=\"elementor-element elementor-element-92d82af elementor-widget elementor-widget-image\" data-id=\"92d82af\" data-element_type=\"widget\" data-e-type=\"widget\" data-widget_type=\"image.default\">\n\t\t\t\t<div class=\"elementor-widget-container\">\n\t\t\t\t\t\t\t\t\t\t\t\t\t\t\t<img loading=\"lazy\" decoding=\"async\" width=\"264\" height=\"300\" src=\"https:\/\/gyogyitoangyal.hu\/wp-content\/uploads\/2021\/11\/kozossegi_szolgalat-264x300.png\" class=\"attachment-medium size-medium wp-image-190\" alt=\"\" srcset=\"https:\/\/gyogyitoangyal.hu\/wp-content\/uploads\/2021\/11\/kozossegi_szolgalat-264x300.png 264w, https:\/\/gyogyitoangyal.hu\/wp-content\/uploads\/2021\/11\/kozossegi_szolgalat.png 600w\" sizes=\"(max-width: 264px) 100vw, 264px\" \/>\t\t\t\t\t\t\t\t\t\t\t\t\t\t\t<\/div>\n\t\t\t\t<\/div>\n\t\t\t\t\t<\/div>\n\t\t<\/div>\n\t\t\t\t<div class=\"elementor-column elementor-col-50 elementor-top-column elementor-element elementor-element-e1c67d3\" data-id=\"e1c67d3\" data-element_type=\"column\" data-e-type=\"column\">\n\t\t\t<div class=\"elementor-widget-wrap elementor-element-populated\">\n\t\t\t\t\t\t<div class=\"elementor-element elementor-element-d0f03b7 elementor-widget elementor-widget-text-editor\" data-id=\"d0f03b7\" data-element_type=\"widget\" data-e-type=\"widget\" data-widget_type=\"text-editor.default\">\n\t\t\t\t<div class=\"elementor-widget-container\">\n\t\t\t\t\t\t\t\t\t<ul><li><strong>J\u00f3t\u00e9konys\u00e1gi munk\u00e1ra nevel\u00e9s:<\/strong><br \/>Alap\u00edtv\u00e1nyunk c\u00e9lkit\u0171z\u00e9se, hogy a gyermekeket, fiatalokat m\u00e1r kor\u00e1n bevonja az \u00f6nk\u00e9ntes tev\u00e9kenys\u00e9gbe, kialak\u00edtsa benn\u00fck a j\u00f3t\u00e9kony munk\u00e1ra val\u00f3 ig\u00e9nyt. A gyermekek \u00f6r\u00f6mmel v\u00e1llalt \u00f6nk\u00e9ntes tev\u00e9kenys\u00e9ge lehet\u0151s\u00e9g arra, hogy a feln\u00f6vekv\u0151 nemzed\u00e9k \u00e9rz\u00e9kenyen reag\u00e1ljon a s\u00e9r\u00fcl\u00e9keny csoportok probl\u00e9m\u00e1j\u00e1ra, ismerje seg\u00edts\u00e9gny\u00fajt\u00e1s \u00fatjait.<br \/>Lehet\u0151s\u00e9get biztos\u00edtunk a k\u00f6z\u00e9piskol\u00e1soknak az \u00e9retts\u00e9gihez sz\u00fcks\u00e9ges k\u00f6z\u00f6ss\u00e9gi szolg\u00e1lat teljes\u00edt\u00e9s\u00e9hez.<\/li><\/ul>\t\t\t\t\t\t\t\t<\/div>\n\t\t\t\t<\/div>\n\t\t\t\t\t<\/div>\n\t\t<\/div>\n\t\t\t\t\t<\/div>\n\t\t<\/section>\n\t\t\t\t<\/div>\n\t\t","protected":false},"excerpt":{"rendered":"<p>Programjaink Int\u00e9zetben kezelt gyermekek gy\u00f3gy\u00edt\u00e1s\u00e1nak t\u00e1mogat\u00e1sa:\u00c9vek \u00f3ta kiemelt programunk a beteg, int\u00e9zetben kezelt gyermekek k\u00f3rh\u00e1zban val\u00f3 tart\u00f3zkod\u00e1s\u00e1nak k\u00f6nny\u00edt\u00e9se. A Gy\u00f3gy\u00edt\u00f3 Angyal Alap\u00edtv\u00e1ny adom\u00e1nyoz\u00e1sainak f\u00f3kusz\u00e1ban a gyermekeg\u00e9szs\u00e9g\u00fcgy fejleszt\u00e9se szerepel. Imm\u00e1ron 9 \u00e9ve t\u00e1mogatjuk az int\u00e9zetben kezelt kis betegek gy\u00f3gyul\u00e1s\u00e1t. Id\u0151sotthonok megseg\u00edt\u00e9se:Orsz\u00e1gszerte k\u00fcl\u00f6nleges t\u00e1pl\u00e1lkoz\u00e1si ig\u00e9nyt kiel\u00e9g\u00edt\u0151 t\u00e1pszerekkel t\u00e1mogatjuk az id\u0151sotthonok lak\u00f3it. Adom\u00e1nyok gy\u0171jt\u00e9seA k\u00f6z\u00f6ss\u00e9gi adom\u00e1nygy\u0171jt\u00e9seink izgalmas \u00e9s&hellip;&nbsp;<a href=\"https:\/\/gyogyitoangyal.hu\/index.php\/programjaink\/\" rel=\"bookmark\">Read More &raquo;<span class=\"screen-reader-text\">Programjaink<\/span><\/a><\/p>\n","protected":false},"author":1,"featured_media":0,"parent":0,"menu_order":0,"comment_status":"closed","ping_status":"closed","template":"","meta":{"neve_meta_sidebar":"full-width","neve_meta_container":"full-width","neve_meta_enable_content_width":"off","neve_meta_content_width":100,"neve_meta_title_alignment":"","neve_meta_author_avatar":"","neve_post_elements_order":"","neve_meta_disable_header":"","neve_meta_disable_footer":"","neve_meta_disable_title":"on","footnotes":""},"class_list":["post-37","page","type-page","status-publish","hentry"],"_links":{"self":[{"href":"https:\/\/gyogyitoangyal.hu\/index.php\/wp-json\/wp\/v2\/pages\/37","targetHints":{"allow":["GET"]}}],"collection":[{"href":"https:\/\/gyogyitoangyal.hu\/index.php\/wp-json\/wp\/v2\/pages"}],"about":[{"href":"https:\/\/gyogyitoangyal.hu\/index.php\/wp-json\/wp\/v2\/types\/page"}],"author":[{"embeddable":true,"href":"https:\/\/gyogyitoangyal.hu\/index.php\/wp-json\/wp\/v2\/users\/1"}],"replies":[{"embeddable":true,"href":"https:\/\/gyogyitoangyal.hu\/index.php\/wp-json\/wp\/v2\/comments?post=37"}],"version-history":[{"count":11,"href":"https:\/\/gyogyitoangyal.hu\/index.php\/wp-json\/wp\/v2\/pages\/37\/revisions"}],"predecessor-version":[{"id":1645,"href":"https:\/\/gyogyitoangyal.hu\/index.php\/wp-json\/wp\/v2\/pages\/37\/revisions\/1645"}],"wp:attachment":[{"href":"https:\/\/gyogyitoangyal.hu\/index.php\/wp-json\/wp\/v2\/media?parent=37"}],"curies":[{"name":"wp","href":"https:\/\/api.w.org\/{rel}","templated":true}]}}