{"id":43,"date":"2021-11-09T13:59:21","date_gmt":"2021-11-09T13:59:21","guid":{"rendered":"https:\/\/newpage.gyogyitoangyal.hu\/?page_id=43"},"modified":"2022-02-28T12:39:31","modified_gmt":"2022-02-28T12:39:31","slug":"kapcsolat","status":"publish","type":"page","link":"https:\/\/gyogyitoangyal.hu\/index.php\/kapcsolat\/","title":{"rendered":"Kapcsolat"},"content":{"rendered":"\t\t<div data-elementor-type=\"wp-page\" data-elementor-id=\"43\" class=\"elementor elementor-43\">\n\t\t\t\t\t\t<section class=\"elementor-section elementor-top-section elementor-element elementor-element-a730edd elementor-section-boxed elementor-section-height-default elementor-section-height-default\" data-id=\"a730edd\" data-element_type=\"section\" data-e-type=\"section\">\n\t\t\t\t\t\t<div class=\"elementor-container elementor-column-gap-default\">\n\t\t\t\t\t<div class=\"elementor-column elementor-col-100 elementor-top-column elementor-element elementor-element-82e8d4f\" data-id=\"82e8d4f\" data-element_type=\"column\" data-e-type=\"column\">\n\t\t\t<div class=\"elementor-widget-wrap elementor-element-populated\">\n\t\t\t\t\t\t<div class=\"elementor-element elementor-element-ec03dd0 elementor-widget elementor-widget-heading\" data-id=\"ec03dd0\" data-element_type=\"widget\" data-e-type=\"widget\" data-widget_type=\"heading.default\">\n\t\t\t\t<div class=\"elementor-widget-container\">\n\t\t\t\t\t<h2 class=\"elementor-heading-title elementor-size-default\">Kapcsolat<\/h2>\t\t\t\t<\/div>\n\t\t\t\t<\/div>\n\t\t\t\t\t<\/div>\n\t\t<\/div>\n\t\t\t\t\t<\/div>\n\t\t<\/section>\n\t\t\t\t<section class=\"elementor-section elementor-top-section elementor-element elementor-element-5072764 elementor-section-boxed elementor-section-height-default elementor-section-height-default\" data-id=\"5072764\" data-element_type=\"section\" data-e-type=\"section\">\n\t\t\t\t\t\t<div class=\"elementor-container elementor-column-gap-default\">\n\t\t\t\t\t<div class=\"elementor-column elementor-col-25 elementor-top-column elementor-element elementor-element-32a3bfe\" data-id=\"32a3bfe\" data-element_type=\"column\" data-e-type=\"column\">\n\t\t\t<div class=\"elementor-widget-wrap\">\n\t\t\t\t\t\t\t<\/div>\n\t\t<\/div>\n\t\t\t\t<div class=\"elementor-column elementor-col-50 elementor-top-column elementor-element elementor-element-b998e35\" data-id=\"b998e35\" data-element_type=\"column\" data-e-type=\"column\">\n\t\t\t<div class=\"elementor-widget-wrap elementor-element-populated\">\n\t\t\t\t\t\t<div class=\"elementor-element elementor-element-f8dd335 elementor-widget elementor-widget-text-editor\" data-id=\"f8dd335\" data-element_type=\"widget\" data-e-type=\"widget\" data-widget_type=\"text-editor.default\">\n\t\t\t\t<div class=\"elementor-widget-container\">\n\t\t\t\t\t\t\t\t\t<table>\n<tr>\n<td style=\"padding: 5px 10px 5px 10px; border: 1px solid #ddd;\">Levelez\u00e9si c\u00edm:<\/td>\n<td style=\"padding: 5px 10px 5px 10px; border: 1px solid #ddd;\">6721 Szeged Juh\u00e1sz Gyula utca. 16.<\/td>\n<\/tr>\n<tr>\n<td style=\"padding: 5px 10px 5px 10px; border: 1px solid #ddd;\">Telefon:<\/td>\n<td style=\"padding: 5px 10px 5px 10px; border: 1px solid #ddd;\">62\/425-499, 30\/9384566<\/td>\n<\/tr>\n<tr>\n<td style=\"padding: 5px 10px 5px 10px; border: 1px solid #ddd;\">E-mail c\u00edm:<\/td>\n<td style=\"padding: 5px 10px 5px 10px; border: 1px solid #ddd;\">gyogyitoalapitvany@gmail.com<\/td>\n<\/tr>\n<tr>\n<td style=\"padding: 5px 10px 5px 10px; border: 1px solid #ddd;\">Facebook:<\/td>\n<td style=\"padding: 5px 10px 5px 10px; border: 1px solid #ddd;\">Gy\u00f3gy\u00edt\u00f3 Angyal Alap\u00edtv\u00e1ny<\/td>\n<\/tr>\n<\/table>\t\t\t\t\t\t\t\t<\/div>\n\t\t\t\t<\/div>\n\t\t\t\t\t<\/div>\n\t\t<\/div>\n\t\t\t\t<div class=\"elementor-column elementor-col-25 elementor-top-column elementor-element elementor-element-1e6d687\" data-id=\"1e6d687\" data-element_type=\"column\" data-e-type=\"column\">\n\t\t\t<div class=\"elementor-widget-wrap\">\n\t\t\t\t\t\t\t<\/div>\n\t\t<\/div>\n\t\t\t\t\t<\/div>\n\t\t<\/section>\n\t\t\t\t<section class=\"elementor-section elementor-top-section elementor-element elementor-element-0025ee9 elementor-section-boxed elementor-section-height-default elementor-section-height-default\" data-id=\"0025ee9\" data-element_type=\"section\" data-e-type=\"section\">\n\t\t\t\t\t\t<div class=\"elementor-container elementor-column-gap-default\">\n\t\t\t\t\t<div class=\"elementor-column elementor-col-100 elementor-top-column elementor-element elementor-element-2d69638\" data-id=\"2d69638\" data-element_type=\"column\" data-e-type=\"column\">\n\t\t\t<div class=\"elementor-widget-wrap elementor-element-populated\">\n\t\t\t\t\t\t<div class=\"elementor-element elementor-element-a6f48a9 elementor-widget elementor-widget-text-editor\" data-id=\"a6f48a9\" data-element_type=\"widget\" data-e-type=\"widget\" data-widget_type=\"text-editor.default\">\n\t\t\t\t<div class=\"elementor-widget-container\">\n\t\t\t\t\t\t\t\t\t<center><img decoding=\"async\" src=\"https:\/\/newpage.gyogyitoangyal.hu\/wp-content\/uploads\/2021\/11\/Icon-Cim-1.png\" \/> <img decoding=\"async\" src=\"https:\/\/newpage.gyogyitoangyal.hu\/wp-content\/uploads\/2021\/11\/Icon-Tel-1.png\" \/> <img decoding=\"async\" src=\"https:\/\/newpage.gyogyitoangyal.hu\/wp-content\/uploads\/2021\/11\/Icon-Mail-1.png\" \/> <img decoding=\"async\" src=\"https:\/\/newpage.gyogyitoangyal.hu\/wp-content\/uploads\/2021\/11\/Icon-EMail-1.png\" \/> <img decoding=\"async\" src=\"https:\/\/newpage.gyogyitoangyal.hu\/wp-content\/uploads\/2021\/11\/Icon-Mobil-1.png\" \/><\/center>\t\t\t\t\t\t\t\t<\/div>\n\t\t\t\t<\/div>\n\t\t\t\t\t<\/div>\n\t\t<\/div>\n\t\t\t\t\t<\/div>\n\t\t<\/section>\n\t\t\t\t<\/div>\n\t\t","protected":false},"excerpt":{"rendered":"<p>Kapcsolat Levelez\u00e9si c\u00edm: 6721 Szeged Juh\u00e1sz Gyula utca. 16. Telefon: 62\/425-499, 30\/9384566 E-mail c\u00edm: gyogyitoalapitvany@gmail.com Facebook: Gy\u00f3gy\u00edt\u00f3 Angyal Alap\u00edtv\u00e1ny<\/p>\n","protected":false},"author":1,"featured_media":0,"parent":0,"menu_order":0,"comment_status":"closed","ping_status":"closed","template":"","meta":{"neve_meta_sidebar":"full-width","neve_meta_container":"full-width","neve_meta_enable_content_width":"off","neve_meta_content_width":100,"neve_meta_title_alignment":"","neve_meta_author_avatar":"","neve_post_elements_order":"","neve_meta_disable_header":"","neve_meta_disable_footer":"","neve_meta_disable_title":"on","footnotes":""},"class_list":["post-43","page","type-page","status-publish","hentry"],"_links":{"self":[{"href":"https:\/\/gyogyitoangyal.hu\/index.php\/wp-json\/wp\/v2\/pages\/43","targetHints":{"allow":["GET"]}}],"collection":[{"href":"https:\/\/gyogyitoangyal.hu\/index.php\/wp-json\/wp\/v2\/pages"}],"about":[{"href":"https:\/\/gyogyitoangyal.hu\/index.php\/wp-json\/wp\/v2\/types\/page"}],"author":[{"embeddable":true,"href":"https:\/\/gyogyitoangyal.hu\/index.php\/wp-json\/wp\/v2\/users\/1"}],"replies":[{"embeddable":true,"href":"https:\/\/gyogyitoangyal.hu\/index.php\/wp-json\/wp\/v2\/comments?post=43"}],"version-history":[{"count":20,"href":"https:\/\/gyogyitoangyal.hu\/index.php\/wp-json\/wp\/v2\/pages\/43\/revisions"}],"predecessor-version":[{"id":1493,"href":"https:\/\/gyogyitoangyal.hu\/index.php\/wp-json\/wp\/v2\/pages\/43\/revisions\/1493"}],"wp:attachment":[{"href":"https:\/\/gyogyitoangyal.hu\/index.php\/wp-json\/wp\/v2\/media?parent=43"}],"curies":[{"name":"wp","href":"https:\/\/api.w.org\/{rel}","templated":true}]}}