{"id":576,"date":"2021-11-17T11:15:57","date_gmt":"2021-11-17T11:15:57","guid":{"rendered":"https:\/\/newpage.gyogyitoangyal.hu\/?page_id=576"},"modified":"2021-11-17T11:18:28","modified_gmt":"2021-11-17T11:18:28","slug":"gal19_jotekonysagi_koncert","status":"publish","type":"page","link":"https:\/\/gyogyitoangyal.hu\/index.php\/gal19_jotekonysagi_koncert\/","title":{"rendered":"gal19_jotekonysagi_koncert"},"content":{"rendered":"\t\t<div data-elementor-type=\"wp-page\" data-elementor-id=\"576\" class=\"elementor elementor-576\">\n\t\t\t\t\t\t<section class=\"elementor-section elementor-top-section elementor-element elementor-element-b3217a6 elementor-section-boxed elementor-section-height-default elementor-section-height-default\" data-id=\"b3217a6\" data-element_type=\"section\" data-e-type=\"section\">\n\t\t\t\t\t\t<div class=\"elementor-container elementor-column-gap-default\">\n\t\t\t\t\t<div class=\"elementor-column elementor-col-100 elementor-top-column elementor-element elementor-element-089165d\" data-id=\"089165d\" data-element_type=\"column\" data-e-type=\"column\">\n\t\t\t<div class=\"elementor-widget-wrap elementor-element-populated\">\n\t\t\t\t\t\t<div class=\"elementor-element elementor-element-4d7604a elementor-widget elementor-widget-heading\" data-id=\"4d7604a\" data-element_type=\"widget\" data-e-type=\"widget\" data-widget_type=\"heading.default\">\n\t\t\t\t<div class=\"elementor-widget-container\">\n\t\t\t\t\t<h2 class=\"elementor-heading-title elementor-size-default\">2019. j\u00f3t\u00e9konys\u00e1gi koncert<\/h2>\t\t\t\t<\/div>\n\t\t\t\t<\/div>\n\t\t\t\t\t<\/div>\n\t\t<\/div>\n\t\t\t\t\t<\/div>\n\t\t<\/section>\n\t\t\t\t<section class=\"elementor-section elementor-top-section elementor-element elementor-element-6242300 elementor-section-boxed elementor-section-height-default elementor-section-height-default\" data-id=\"6242300\" data-element_type=\"section\" data-e-type=\"section\">\n\t\t\t\t\t\t<div class=\"elementor-container elementor-column-gap-default\">\n\t\t\t\t\t<div class=\"elementor-column elementor-col-100 elementor-top-column elementor-element elementor-element-7f93802\" data-id=\"7f93802\" data-element_type=\"column\" data-e-type=\"column\">\n\t\t\t<div class=\"elementor-widget-wrap elementor-element-populated\">\n\t\t\t\t\t\t<div class=\"elementor-element elementor-element-1b9e840 elementor-widget elementor-widget-image-gallery\" data-id=\"1b9e840\" data-element_type=\"widget\" data-e-type=\"widget\" data-widget_type=\"image-gallery.default\">\n\t\t\t\t<div class=\"elementor-widget-container\">\n\t\t\t\t\t\t\t<div class=\"elementor-image-gallery\">\n\t\t\t<div id='gallery-1' class='gallery galleryid-576 gallery-columns-4 gallery-size-thumbnail'><figure class='gallery-item'>\n\t\t\t<div class='gallery-icon landscape'>\n\t\t\t\t<a data-elementor-open-lightbox=\"yes\" data-elementor-lightbox-slideshow=\"1b9e840\" data-elementor-lightbox-title=\"gal1911_2019_jotekonysagi_koncert_01\" data-e-action-hash=\"#elementor-action%3Aaction%3Dlightbox%26settings%3DeyJpZCI6NTc3LCJ1cmwiOiJodHRwczpcL1wvZ3lvZ3lpdG9hbmd5YWwuaHVcL3dwLWNvbnRlbnRcL3VwbG9hZHNcLzIwMjFcLzExXC9nYWwxOTExXzIwMTlfam90ZWtvbnlzYWdpX2tvbmNlcnRfMDEuanBnIiwic2xpZGVzaG93IjoiMWI5ZTg0MCJ9\" href='https:\/\/gyogyitoangyal.hu\/wp-content\/uploads\/2021\/11\/gal1911_2019_jotekonysagi_koncert_01.jpg'><img decoding=\"async\" width=\"150\" height=\"150\" src=\"https:\/\/gyogyitoangyal.hu\/wp-content\/uploads\/2021\/11\/gal1911_2019_jotekonysagi_koncert_01-150x150.jpg\" class=\"attachment-thumbnail size-thumbnail\" alt=\"\" \/><\/a>\n\t\t\t<\/div><\/figure><figure class='gallery-item'>\n\t\t\t<div class='gallery-icon landscape'>\n\t\t\t\t<a data-elementor-open-lightbox=\"yes\" data-elementor-lightbox-slideshow=\"1b9e840\" data-elementor-lightbox-title=\"gal1911_2019_jotekonysagi_koncert_02\" data-e-action-hash=\"#elementor-action%3Aaction%3Dlightbox%26settings%3DeyJpZCI6NTc4LCJ1cmwiOiJodHRwczpcL1wvZ3lvZ3lpdG9hbmd5YWwuaHVcL3dwLWNvbnRlbnRcL3VwbG9hZHNcLzIwMjFcLzExXC9nYWwxOTExXzIwMTlfam90ZWtvbnlzYWdpX2tvbmNlcnRfMDIuanBnIiwic2xpZGVzaG93IjoiMWI5ZTg0MCJ9\" href='https:\/\/gyogyitoangyal.hu\/wp-content\/uploads\/2021\/11\/gal1911_2019_jotekonysagi_koncert_02.jpg'><img decoding=\"async\" width=\"150\" height=\"150\" src=\"https:\/\/gyogyitoangyal.hu\/wp-content\/uploads\/2021\/11\/gal1911_2019_jotekonysagi_koncert_02-150x150.jpg\" class=\"attachment-thumbnail size-thumbnail\" alt=\"\" \/><\/a>\n\t\t\t<\/div><\/figure><figure class='gallery-item'>\n\t\t\t<div class='gallery-icon landscape'>\n\t\t\t\t<a data-elementor-open-lightbox=\"yes\" data-elementor-lightbox-slideshow=\"1b9e840\" data-elementor-lightbox-title=\"gal1911_2019_jotekonysagi_koncert_03\" data-e-action-hash=\"#elementor-action%3Aaction%3Dlightbox%26settings%3DeyJpZCI6NTc5LCJ1cmwiOiJodHRwczpcL1wvZ3lvZ3lpdG9hbmd5YWwuaHVcL3dwLWNvbnRlbnRcL3VwbG9hZHNcLzIwMjFcLzExXC9nYWwxOTExXzIwMTlfam90ZWtvbnlzYWdpX2tvbmNlcnRfMDMuanBnIiwic2xpZGVzaG93IjoiMWI5ZTg0MCJ9\" href='https:\/\/gyogyitoangyal.hu\/wp-content\/uploads\/2021\/11\/gal1911_2019_jotekonysagi_koncert_03.jpg'><img decoding=\"async\" width=\"150\" height=\"150\" src=\"https:\/\/gyogyitoangyal.hu\/wp-content\/uploads\/2021\/11\/gal1911_2019_jotekonysagi_koncert_03-150x150.jpg\" class=\"attachment-thumbnail size-thumbnail\" alt=\"\" \/><\/a>\n\t\t\t<\/div><\/figure><figure class='gallery-item'>\n\t\t\t<div class='gallery-icon landscape'>\n\t\t\t\t<a data-elementor-open-lightbox=\"yes\" data-elementor-lightbox-slideshow=\"1b9e840\" data-elementor-lightbox-title=\"gal1911_2019_jotekonysagi_koncert_04\" data-e-action-hash=\"#elementor-action%3Aaction%3Dlightbox%26settings%3DeyJpZCI6NTgwLCJ1cmwiOiJodHRwczpcL1wvZ3lvZ3lpdG9hbmd5YWwuaHVcL3dwLWNvbnRlbnRcL3VwbG9hZHNcLzIwMjFcLzExXC9nYWwxOTExXzIwMTlfam90ZWtvbnlzYWdpX2tvbmNlcnRfMDQuanBnIiwic2xpZGVzaG93IjoiMWI5ZTg0MCJ9\" href='https:\/\/gyogyitoangyal.hu\/wp-content\/uploads\/2021\/11\/gal1911_2019_jotekonysagi_koncert_04.jpg'><img loading=\"lazy\" decoding=\"async\" width=\"150\" height=\"150\" src=\"https:\/\/gyogyitoangyal.hu\/wp-content\/uploads\/2021\/11\/gal1911_2019_jotekonysagi_koncert_04-150x150.jpg\" class=\"attachment-thumbnail size-thumbnail\" alt=\"\" \/><\/a>\n\t\t\t<\/div><\/figure><figure class='gallery-item'>\n\t\t\t<div class='gallery-icon landscape'>\n\t\t\t\t<a data-elementor-open-lightbox=\"yes\" data-elementor-lightbox-slideshow=\"1b9e840\" data-elementor-lightbox-title=\"gal1911_2019_jotekonysagi_koncert_05\" data-e-action-hash=\"#elementor-action%3Aaction%3Dlightbox%26settings%3DeyJpZCI6NTgxLCJ1cmwiOiJodHRwczpcL1wvZ3lvZ3lpdG9hbmd5YWwuaHVcL3dwLWNvbnRlbnRcL3VwbG9hZHNcLzIwMjFcLzExXC9nYWwxOTExXzIwMTlfam90ZWtvbnlzYWdpX2tvbmNlcnRfMDUuanBnIiwic2xpZGVzaG93IjoiMWI5ZTg0MCJ9\" href='https:\/\/gyogyitoangyal.hu\/wp-content\/uploads\/2021\/11\/gal1911_2019_jotekonysagi_koncert_05.jpg'><img loading=\"lazy\" decoding=\"async\" width=\"150\" height=\"150\" src=\"https:\/\/gyogyitoangyal.hu\/wp-content\/uploads\/2021\/11\/gal1911_2019_jotekonysagi_koncert_05-150x150.jpg\" class=\"attachment-thumbnail size-thumbnail\" alt=\"\" \/><\/a>\n\t\t\t<\/div><\/figure><figure class='gallery-item'>\n\t\t\t<div class='gallery-icon portrait'>\n\t\t\t\t<a data-elementor-open-lightbox=\"yes\" data-elementor-lightbox-slideshow=\"1b9e840\" data-elementor-lightbox-title=\"gal1911_2019_jotekonysagi_koncert_06\" data-e-action-hash=\"#elementor-action%3Aaction%3Dlightbox%26settings%3DeyJpZCI6NTgyLCJ1cmwiOiJodHRwczpcL1wvZ3lvZ3lpdG9hbmd5YWwuaHVcL3dwLWNvbnRlbnRcL3VwbG9hZHNcLzIwMjFcLzExXC9nYWwxOTExXzIwMTlfam90ZWtvbnlzYWdpX2tvbmNlcnRfMDYuanBnIiwic2xpZGVzaG93IjoiMWI5ZTg0MCJ9\" href='https:\/\/gyogyitoangyal.hu\/wp-content\/uploads\/2021\/11\/gal1911_2019_jotekonysagi_koncert_06.jpg'><img loading=\"lazy\" decoding=\"async\" width=\"150\" height=\"150\" src=\"https:\/\/gyogyitoangyal.hu\/wp-content\/uploads\/2021\/11\/gal1911_2019_jotekonysagi_koncert_06-150x150.jpg\" class=\"attachment-thumbnail size-thumbnail\" alt=\"\" \/><\/a>\n\t\t\t<\/div><\/figure><figure class='gallery-item'>\n\t\t\t<div class='gallery-icon landscape'>\n\t\t\t\t<a data-elementor-open-lightbox=\"yes\" data-elementor-lightbox-slideshow=\"1b9e840\" data-elementor-lightbox-title=\"gal1911_2019_jotekonysagi_koncert_07\" data-e-action-hash=\"#elementor-action%3Aaction%3Dlightbox%26settings%3DeyJpZCI6NTgzLCJ1cmwiOiJodHRwczpcL1wvZ3lvZ3lpdG9hbmd5YWwuaHVcL3dwLWNvbnRlbnRcL3VwbG9hZHNcLzIwMjFcLzExXC9nYWwxOTExXzIwMTlfam90ZWtvbnlzYWdpX2tvbmNlcnRfMDcuanBnIiwic2xpZGVzaG93IjoiMWI5ZTg0MCJ9\" href='https:\/\/gyogyitoangyal.hu\/wp-content\/uploads\/2021\/11\/gal1911_2019_jotekonysagi_koncert_07.jpg'><img loading=\"lazy\" decoding=\"async\" width=\"150\" height=\"150\" src=\"https:\/\/gyogyitoangyal.hu\/wp-content\/uploads\/2021\/11\/gal1911_2019_jotekonysagi_koncert_07-150x150.jpg\" class=\"attachment-thumbnail size-thumbnail\" alt=\"\" \/><\/a>\n\t\t\t<\/div><\/figure><figure class='gallery-item'>\n\t\t\t<div class='gallery-icon landscape'>\n\t\t\t\t<a data-elementor-open-lightbox=\"yes\" data-elementor-lightbox-slideshow=\"1b9e840\" data-elementor-lightbox-title=\"gal1911_2019_jotekonysagi_koncert_08\" data-e-action-hash=\"#elementor-action%3Aaction%3Dlightbox%26settings%3DeyJpZCI6NTg0LCJ1cmwiOiJodHRwczpcL1wvZ3lvZ3lpdG9hbmd5YWwuaHVcL3dwLWNvbnRlbnRcL3VwbG9hZHNcLzIwMjFcLzExXC9nYWwxOTExXzIwMTlfam90ZWtvbnlzYWdpX2tvbmNlcnRfMDguanBnIiwic2xpZGVzaG93IjoiMWI5ZTg0MCJ9\" href='https:\/\/gyogyitoangyal.hu\/wp-content\/uploads\/2021\/11\/gal1911_2019_jotekonysagi_koncert_08.jpg'><img loading=\"lazy\" decoding=\"async\" width=\"150\" height=\"150\" src=\"https:\/\/gyogyitoangyal.hu\/wp-content\/uploads\/2021\/11\/gal1911_2019_jotekonysagi_koncert_08-150x150.jpg\" class=\"attachment-thumbnail size-thumbnail\" alt=\"\" \/><\/a>\n\t\t\t<\/div><\/figure><figure class='gallery-item'>\n\t\t\t<div class='gallery-icon portrait'>\n\t\t\t\t<a data-elementor-open-lightbox=\"yes\" data-elementor-lightbox-slideshow=\"1b9e840\" data-elementor-lightbox-title=\"gal1911_2019_jotekonysagi_koncert_09\" data-e-action-hash=\"#elementor-action%3Aaction%3Dlightbox%26settings%3DeyJpZCI6NTg1LCJ1cmwiOiJodHRwczpcL1wvZ3lvZ3lpdG9hbmd5YWwuaHVcL3dwLWNvbnRlbnRcL3VwbG9hZHNcLzIwMjFcLzExXC9nYWwxOTExXzIwMTlfam90ZWtvbnlzYWdpX2tvbmNlcnRfMDkuanBnIiwic2xpZGVzaG93IjoiMWI5ZTg0MCJ9\" href='https:\/\/gyogyitoangyal.hu\/wp-content\/uploads\/2021\/11\/gal1911_2019_jotekonysagi_koncert_09.jpg'><img loading=\"lazy\" decoding=\"async\" width=\"150\" height=\"150\" src=\"https:\/\/gyogyitoangyal.hu\/wp-content\/uploads\/2021\/11\/gal1911_2019_jotekonysagi_koncert_09-150x150.jpg\" class=\"attachment-thumbnail size-thumbnail\" alt=\"\" \/><\/a>\n\t\t\t<\/div><\/figure><figure class='gallery-item'>\n\t\t\t<div class='gallery-icon landscape'>\n\t\t\t\t<a data-elementor-open-lightbox=\"yes\" data-elementor-lightbox-slideshow=\"1b9e840\" data-elementor-lightbox-title=\"gal1911_2019_jotekonysagi_koncert_10\" data-e-action-hash=\"#elementor-action%3Aaction%3Dlightbox%26settings%3DeyJpZCI6NTg2LCJ1cmwiOiJodHRwczpcL1wvZ3lvZ3lpdG9hbmd5YWwuaHVcL3dwLWNvbnRlbnRcL3VwbG9hZHNcLzIwMjFcLzExXC9nYWwxOTExXzIwMTlfam90ZWtvbnlzYWdpX2tvbmNlcnRfMTAuanBnIiwic2xpZGVzaG93IjoiMWI5ZTg0MCJ9\" href='https:\/\/gyogyitoangyal.hu\/wp-content\/uploads\/2021\/11\/gal1911_2019_jotekonysagi_koncert_10.jpg'><img loading=\"lazy\" decoding=\"async\" width=\"150\" height=\"150\" src=\"https:\/\/gyogyitoangyal.hu\/wp-content\/uploads\/2021\/11\/gal1911_2019_jotekonysagi_koncert_10-150x150.jpg\" class=\"attachment-thumbnail size-thumbnail\" alt=\"\" \/><\/a>\n\t\t\t<\/div><\/figure><figure class='gallery-item'>\n\t\t\t<div class='gallery-icon landscape'>\n\t\t\t\t<a data-elementor-open-lightbox=\"yes\" data-elementor-lightbox-slideshow=\"1b9e840\" data-elementor-lightbox-title=\"gal1911_2019_jotekonysagi_koncert_11\" data-e-action-hash=\"#elementor-action%3Aaction%3Dlightbox%26settings%3DeyJpZCI6NTg3LCJ1cmwiOiJodHRwczpcL1wvZ3lvZ3lpdG9hbmd5YWwuaHVcL3dwLWNvbnRlbnRcL3VwbG9hZHNcLzIwMjFcLzExXC9nYWwxOTExXzIwMTlfam90ZWtvbnlzYWdpX2tvbmNlcnRfMTEuanBnIiwic2xpZGVzaG93IjoiMWI5ZTg0MCJ9\" href='https:\/\/gyogyitoangyal.hu\/wp-content\/uploads\/2021\/11\/gal1911_2019_jotekonysagi_koncert_11.jpg'><img loading=\"lazy\" decoding=\"async\" width=\"150\" height=\"150\" src=\"https:\/\/gyogyitoangyal.hu\/wp-content\/uploads\/2021\/11\/gal1911_2019_jotekonysagi_koncert_11-150x150.jpg\" class=\"attachment-thumbnail size-thumbnail\" alt=\"\" \/><\/a>\n\t\t\t<\/div><\/figure><figure class='gallery-item'>\n\t\t\t<div class='gallery-icon landscape'>\n\t\t\t\t<a data-elementor-open-lightbox=\"yes\" data-elementor-lightbox-slideshow=\"1b9e840\" data-elementor-lightbox-title=\"gal1911_2019_jotekonysagi_koncert_12\" data-e-action-hash=\"#elementor-action%3Aaction%3Dlightbox%26settings%3DeyJpZCI6NTg4LCJ1cmwiOiJodHRwczpcL1wvZ3lvZ3lpdG9hbmd5YWwuaHVcL3dwLWNvbnRlbnRcL3VwbG9hZHNcLzIwMjFcLzExXC9nYWwxOTExXzIwMTlfam90ZWtvbnlzYWdpX2tvbmNlcnRfMTIuanBnIiwic2xpZGVzaG93IjoiMWI5ZTg0MCJ9\" href='https:\/\/gyogyitoangyal.hu\/wp-content\/uploads\/2021\/11\/gal1911_2019_jotekonysagi_koncert_12.jpg'><img loading=\"lazy\" decoding=\"async\" width=\"150\" height=\"150\" src=\"https:\/\/gyogyitoangyal.hu\/wp-content\/uploads\/2021\/11\/gal1911_2019_jotekonysagi_koncert_12-150x150.jpg\" class=\"attachment-thumbnail size-thumbnail\" alt=\"\" \/><\/a>\n\t\t\t<\/div><\/figure><figure class='gallery-item'>\n\t\t\t<div class='gallery-icon landscape'>\n\t\t\t\t<a data-elementor-open-lightbox=\"yes\" data-elementor-lightbox-slideshow=\"1b9e840\" data-elementor-lightbox-title=\"gal1911_2019_jotekonysagi_koncert_13\" data-e-action-hash=\"#elementor-action%3Aaction%3Dlightbox%26settings%3DeyJpZCI6NTg5LCJ1cmwiOiJodHRwczpcL1wvZ3lvZ3lpdG9hbmd5YWwuaHVcL3dwLWNvbnRlbnRcL3VwbG9hZHNcLzIwMjFcLzExXC9nYWwxOTExXzIwMTlfam90ZWtvbnlzYWdpX2tvbmNlcnRfMTMuanBnIiwic2xpZGVzaG93IjoiMWI5ZTg0MCJ9\" href='https:\/\/gyogyitoangyal.hu\/wp-content\/uploads\/2021\/11\/gal1911_2019_jotekonysagi_koncert_13.jpg'><img loading=\"lazy\" decoding=\"async\" width=\"150\" height=\"150\" src=\"https:\/\/gyogyitoangyal.hu\/wp-content\/uploads\/2021\/11\/gal1911_2019_jotekonysagi_koncert_13-150x150.jpg\" class=\"attachment-thumbnail size-thumbnail\" alt=\"\" \/><\/a>\n\t\t\t<\/div><\/figure><figure class='gallery-item'>\n\t\t\t<div class='gallery-icon landscape'>\n\t\t\t\t<a data-elementor-open-lightbox=\"yes\" data-elementor-lightbox-slideshow=\"1b9e840\" data-elementor-lightbox-title=\"gal1911_2019_jotekonysagi_koncert_14\" data-e-action-hash=\"#elementor-action%3Aaction%3Dlightbox%26settings%3DeyJpZCI6NTkwLCJ1cmwiOiJodHRwczpcL1wvZ3lvZ3lpdG9hbmd5YWwuaHVcL3dwLWNvbnRlbnRcL3VwbG9hZHNcLzIwMjFcLzExXC9nYWwxOTExXzIwMTlfam90ZWtvbnlzYWdpX2tvbmNlcnRfMTQuanBnIiwic2xpZGVzaG93IjoiMWI5ZTg0MCJ9\" href='https:\/\/gyogyitoangyal.hu\/wp-content\/uploads\/2021\/11\/gal1911_2019_jotekonysagi_koncert_14.jpg'><img loading=\"lazy\" decoding=\"async\" width=\"150\" height=\"150\" src=\"https:\/\/gyogyitoangyal.hu\/wp-content\/uploads\/2021\/11\/gal1911_2019_jotekonysagi_koncert_14-150x150.jpg\" class=\"attachment-thumbnail size-thumbnail\" alt=\"\" \/><\/a>\n\t\t\t<\/div><\/figure><figure class='gallery-item'>\n\t\t\t<div class='gallery-icon landscape'>\n\t\t\t\t<a data-elementor-open-lightbox=\"yes\" data-elementor-lightbox-slideshow=\"1b9e840\" data-elementor-lightbox-title=\"gal1911_2019_jotekonysagi_koncert_15\" data-e-action-hash=\"#elementor-action%3Aaction%3Dlightbox%26settings%3DeyJpZCI6NTkxLCJ1cmwiOiJodHRwczpcL1wvZ3lvZ3lpdG9hbmd5YWwuaHVcL3dwLWNvbnRlbnRcL3VwbG9hZHNcLzIwMjFcLzExXC9nYWwxOTExXzIwMTlfam90ZWtvbnlzYWdpX2tvbmNlcnRfMTUuanBnIiwic2xpZGVzaG93IjoiMWI5ZTg0MCJ9\" href='https:\/\/gyogyitoangyal.hu\/wp-content\/uploads\/2021\/11\/gal1911_2019_jotekonysagi_koncert_15.jpg'><img loading=\"lazy\" decoding=\"async\" width=\"150\" height=\"150\" src=\"https:\/\/gyogyitoangyal.hu\/wp-content\/uploads\/2021\/11\/gal1911_2019_jotekonysagi_koncert_15-150x150.jpg\" class=\"attachment-thumbnail size-thumbnail\" alt=\"\" \/><\/a>\n\t\t\t<\/div><\/figure><figure class='gallery-item'>\n\t\t\t<div class='gallery-icon landscape'>\n\t\t\t\t<a data-elementor-open-lightbox=\"yes\" data-elementor-lightbox-slideshow=\"1b9e840\" data-elementor-lightbox-title=\"gal1911_2019_jotekonysagi_koncert_16\" data-e-action-hash=\"#elementor-action%3Aaction%3Dlightbox%26settings%3DeyJpZCI6NTkyLCJ1cmwiOiJodHRwczpcL1wvZ3lvZ3lpdG9hbmd5YWwuaHVcL3dwLWNvbnRlbnRcL3VwbG9hZHNcLzIwMjFcLzExXC9nYWwxOTExXzIwMTlfam90ZWtvbnlzYWdpX2tvbmNlcnRfMTYuanBnIiwic2xpZGVzaG93IjoiMWI5ZTg0MCJ9\" href='https:\/\/gyogyitoangyal.hu\/wp-content\/uploads\/2021\/11\/gal1911_2019_jotekonysagi_koncert_16.jpg'><img loading=\"lazy\" decoding=\"async\" width=\"150\" height=\"150\" src=\"https:\/\/gyogyitoangyal.hu\/wp-content\/uploads\/2021\/11\/gal1911_2019_jotekonysagi_koncert_16-150x150.jpg\" class=\"attachment-thumbnail size-thumbnail\" alt=\"\" \/><\/a>\n\t\t\t<\/div><\/figure>\n\t\t<\/div>\n\t\t<\/div>\n\t\t\t\t\t\t<\/div>\n\t\t\t\t<\/div>\n\t\t\t\t\t<\/div>\n\t\t<\/div>\n\t\t\t\t\t<\/div>\n\t\t<\/section>\n\t\t\t\t<\/div>\n\t\t","protected":false},"excerpt":{"rendered":"<p>2019. j\u00f3t\u00e9konys\u00e1gi koncert<\/p>\n","protected":false},"author":1,"featured_media":0,"parent":0,"menu_order":0,"comment_status":"closed","ping_status":"closed","template":"page-templates\/template-pagebuilder-full-width.php","meta":{"neve_meta_sidebar":"","neve_meta_container":"","neve_meta_enable_content_width":"","neve_meta_content_width":0,"neve_meta_title_alignment":"","neve_meta_author_avatar":"","neve_post_elements_order":"","neve_meta_disable_header":"","neve_meta_disable_footer":"","neve_meta_disable_title":"","footnotes":""},"class_list":["post-576","page","type-page","status-publish","hentry"],"_links":{"self":[{"href":"https:\/\/gyogyitoangyal.hu\/index.php\/wp-json\/wp\/v2\/pages\/576","targetHints":{"allow":["GET"]}}],"collection":[{"href":"https:\/\/gyogyitoangyal.hu\/index.php\/wp-json\/wp\/v2\/pages"}],"about":[{"href":"https:\/\/gyogyitoangyal.hu\/index.php\/wp-json\/wp\/v2\/types\/page"}],"author":[{"embeddable":true,"href":"https:\/\/gyogyitoangyal.hu\/index.php\/wp-json\/wp\/v2\/users\/1"}],"replies":[{"embeddable":true,"href":"https:\/\/gyogyitoangyal.hu\/index.php\/wp-json\/wp\/v2\/comments?post=576"}],"version-history":[{"count":3,"href":"https:\/\/gyogyitoangyal.hu\/index.php\/wp-json\/wp\/v2\/pages\/576\/revisions"}],"predecessor-version":[{"id":595,"href":"https:\/\/gyogyitoangyal.hu\/index.php\/wp-json\/wp\/v2\/pages\/576\/revisions\/595"}],"wp:attachment":[{"href":"https:\/\/gyogyitoangyal.hu\/index.php\/wp-json\/wp\/v2\/media?parent=576"}],"curies":[{"name":"wp","href":"https:\/\/api.w.org\/{rel}","templated":true}]}}